{"id":2767,"date":"2024-03-22T15:18:05","date_gmt":"2024-03-22T15:18:05","guid":{"rendered":"https:\/\/www.itu.int\/cities\/?page_id=2767"},"modified":"2025-08-20T15:19:42","modified_gmt":"2025-08-20T15:19:42","slug":"metaverse-360","status":"publish","type":"page","link":"https:\/\/www.itu.int\/cities\/digitaltransformationdialogues\/metaverse-360\/","title":{"rendered":"Webinar &#8211; Metaverso 360\u00b0: Explorando la Accesibilidad, la Inclusi\u00f3n y los Derechos Humanos en Dominicana Innova"},"content":{"rendered":"    <div class=\"ituContainer grid\">\n        <div data-span=\"12\">\n                            <div class=\"ituContainer\">\n<div class=\"wp-block-columns has-white-background-color has-background is-layout-flex wp-container-core-columns-is-layout-8f761849 wp-block-columns-is-layout-flex\"><div class=\"ituContainer\">\n<div class=\"wp-block-column has-white-background-color has-background is-layout-flow wp-block-column-is-layout-flow\" style=\"flex-basis:80%\">    <section>\n        <div class=\"ituContainer grid\">\n                                                <div data-span=\"10\">\n                    <div class=\"ituContainer\">\n<figure class=\"wp-block-image size-large\"><img loading=\"lazy\" decoding=\"async\" width=\"1024\" height=\"576\" src=\"https:\/\/www.itu.int\/cities\/wp-content\/uploads\/2024\/03\/4.22-DTD-banner3-1024x576.png\" alt=\"\" class=\"wp-image-2801\" srcset=\"https:\/\/www.itu.int\/cities\/wp-content\/uploads\/2024\/03\/4.22-DTD-banner3-1024x576.png 1024w, https:\/\/www.itu.int\/cities\/wp-content\/uploads\/2024\/03\/4.22-DTD-banner3-300x169.png 300w, https:\/\/www.itu.int\/cities\/wp-content\/uploads\/2024\/03\/4.22-DTD-banner3-768x432.png 768w, https:\/\/www.itu.int\/cities\/wp-content\/uploads\/2024\/03\/4.22-DTD-banner3-1536x864.png 1536w, https:\/\/www.itu.int\/cities\/wp-content\/uploads\/2024\/03\/4.22-DTD-banner3-2048x1152.png 2048w\" sizes=\"auto, (max-width: 1024px) 100vw, 1024px\" \/><\/figure>\n<\/div>                    <div class=\"ituContainer\">\n<p class=\"wp-block-paragraph\"><strong>Descripci\u00f3n<\/strong><\/p>\n<\/div>                    <div class=\"ituContainer\">\n<p class=\"wp-block-paragraph\">El proyecto &#8220;Webinar &#8211; Metaverso 360\u00b0: Explorando la Accesibilidad, la Inclusi\u00f3n y los Derechos Humanos en Dominicana Innova&#8221; es una iniciativa innovadora dise\u00f1ada para abordar temas cruciales relacionados con la accesibilidad, la inclusi\u00f3n y los derechos humanos en el contexto de la evoluci\u00f3n digital en la Rep\u00fablica Dominicana.<\/p>\n<\/div>                    <div class=\"ituContainer\">\n<p class=\"wp-block-paragraph\">Este webinar, organizado por la Uni\u00f3n Internacional de las Telecomunicaciones (UIT), la Misi\u00f3n Permanente de la Rep\u00fablica Dominicana ante la Oficina de las Naciones Unidas en Ginebra y la Universidad Aut\u00f3noma de Barcelona, y acogido por la OGTIC busca crear un espacio de reflexi\u00f3n y debate en torno a c\u00f3mo el metaverso, un entorno digital tridimensional, puede ser aprovechado para promover la accesibilidad y la inclusi\u00f3n, as\u00ed como para proteger y promover los derechos humanos en un contexto virtual en constante expansi\u00f3n.<\/p>\n<\/div>                    <div class=\"ituContainer\">\n<p class=\"wp-block-paragraph\">A trav\u00e9s de paneles de discusi\u00f3n, presentaciones magistrales y sesiones interactivas, este evento reunir\u00e1 a expertos, acad\u00e9micos, profesionales del sector tecnol\u00f3gico, defensores de los derechos humanos y miembros de la comunidad para explorar las oportunidades y los desaf\u00edos que presenta el metaverso en t\u00e9rminos de accesibilidad, inclusi\u00f3n y derechos humanos. Entre los temas que se abordar\u00e1n se incluyen la accesibilidad digital para personas con discapacidad, la representaci\u00f3n inclusiva en entornos virtuales, la privacidad y seguridad en el metaverso, as\u00ed como las oportunidades para la educaci\u00f3n y la participaci\u00f3n ciudadana en este nuevo espacio digital.<\/p>\n<\/div>                    <div class=\"ituContainer\">\n<p class=\"wp-block-paragraph\">El proyecto &#8220;Webinar &#8211; Metaverso 360\u00b0&#8221; tiene como objetivo principal fomentar el di\u00e1logo y la colaboraci\u00f3n entre diversos actores interesados en el desarrollo de un metaverso m\u00e1s inclusivo y respetuoso de los derechos humanos en la Rep\u00fablica Dominicana, con miras a generar ideas y soluciones que impulsen un futuro digital m\u00e1s equitativo y sostenible para todos.<\/p>\n<\/div>                    <div class=\"ituContainer\">\n<p class=\"wp-block-paragraph\"><strong>P\u00fablico objetivo:<\/strong><\/p>\n<\/div>                    <div class=\"ituContainer\">\n<p class=\"wp-block-paragraph\">Este evento est\u00e1 dirigido a una amplia audiencia que incluye a los Estados Miembros de la UIT, a los Miembros de Sector, a los Asociados, a la Academia de la UIT y a cualquier persona interesada en contribuir a los trabajos relacionados con el metaverso, la accesibilidad, la inclusi\u00f3n y los derechos humanos. Esto abarca tanto a individuos pertenecientes a organizaciones internacionales, regionales y nacionales, como a los participantes asociados con <a href=\"https:\/\/eur03.safelinks.protection.outlook.com\/?url=https%3A%2F%2Fwww.dominicanainnova.gob.do%2F%23%2F&amp;data=05%7C02%7Cjiaqi.liang%40itu.int%7C799f0fad0af34cce450c08dc4cfe3f99%7C23e464d704e64b87913c24bd89219fd3%7C0%7C0%7C638469902080153935%7CUnknown%7CTWFpbGZsb3d8eyJWIjoiMC4wLjAwMDAiLCJQIjoiV2luMzIiLCJBTiI6Ik1haWwiLCJXVCI6Mn0%3D%7C0%7C%7C%7C&amp;sdata=6jeTWi%2FB0cU16RPM8pucCkpls6uEcICy9IyXYQZJ4sk%3D&amp;reserved=0\" target=\"_blank\" rel=\"noopener\">Dominicana Innova 2024<\/a>&nbsp;La participaci\u00f3n en este evento es gratuita y est\u00e1 abierta a todos aquellos que deseen enriquecer el di\u00e1logo y la colaboraci\u00f3n en estos temas cruciales.<\/p>\n<\/div>                    <div class=\"ituContainer\">\n<div class=\"wp-block-columns is-layout-flex wp-container-core-columns-is-layout-8f761849 wp-block-columns-is-layout-flex\"><div class=\"ituContainer\">\n<div class=\"wp-block-column is-layout-flow wp-block-column-is-layout-flow\"><div class=\"ituContainer\">\n<div class=\"wp-block-buttons is-layout-flex wp-block-buttons-is-layout-flex\"><div class=\"ituContainer\">\n<div class=\"wp-block-button gb-block-button\"><a class=\"wp-block-button__link has-text-color has-background has-custom-font-size wp-element-button\" href=\"https:\/\/itu.zoom.us\/rec\/share\/lI1J3Pbk_yGZ7Eu8mPWijWMUPfOeC9Pj29nPw4nhqiSJDTvbuvW1iLu8XUrTsrTF.SnF6RqaT15_Dg5fH\" style=\"border-radius:5px;color:#ffffff;background-color:#0693e3;padding-top:10px;padding-right:1em;padding-bottom:10px;padding-left:1em;font-size:20px;line-height:1.2\" target=\"_blank\" rel=\"noopener\">Vea el seminario web aqu\u00ed<\/a><\/div>\n<\/div><\/div>\n<\/div><\/div>\n<\/div>\n\n<div class=\"ituContainer\">\n<div class=\"wp-block-column is-layout-flow wp-block-column-is-layout-flow\"><div class=\"ituContainer\">\n<div class=\"wp-block-buttons is-layout-flex wp-block-buttons-is-layout-flex\"><div class=\"ituContainer\">\n<div class=\"wp-block-button gb-block-button\"><a class=\"wp-block-button__link has-text-color has-background has-custom-font-size wp-element-button\" href=\"https:\/\/youtu.be\/J1WHUYWUtxE\" style=\"border-radius:5px;color:#ffffff;background-color:#0693e3;padding-top:10px;padding-right:1em;padding-bottom:10px;padding-left:1em;font-size:20px;line-height:1.2\" target=\"_blank\" rel=\"noopener\">Ver en YouTube<\/a><\/div>\n<\/div><\/div>\n<\/div><\/div>\n<\/div><\/div>\n<\/div>                    <div class=\"ituContainer\">\n<p class=\"has-small-font-size wp-block-paragraph\"><em>Nota: Al registrarse para este evento, usted acepta que la UIT (el organizador del evento y controlador de datos) procese sus datos personales para la organizaci\u00f3n y gesti\u00f3n del evento de acuerdo con la <a href=\"https:\/\/www.itu.int\/en\/about\/Documents\/ITU-Data-Protection-and-Privacy-Policy.pdf\">Pol\u00edtica de Privacidad y Protecci\u00f3n de Datos de la UIT<\/a>. La UIT utilizar\u00e1 los datos personales que env\u00ede como parte del registro y su participaci\u00f3n en el evento para la organizaci\u00f3n, gesti\u00f3n y seguimiento del evento, incluida la gesti\u00f3n de la asistencia y para los requisitos administrativos internos de la UIT. El evento se llevar\u00e1 a cabo v\u00eda Zoom y quedar\u00e1 grabado. Puede leer <a href=\"https:\/\/eur03.safelinks.protection.outlook.com\/?url=https%3A%2F%2Fexplore.zoom.us%2Fen%2Fzoom_events_privacy%2F&amp;data=05%7C02%7Cjiaqi.liang%40itu.int%7C857600b036c04f11648b08dc5f0d3736%7C23e464d704e64b87913c24bd89219fd3%7C0%7C0%7C638489757707759317%7CUnknown%7CTWFpbGZsb3d8eyJWIjoiMC4wLjAwMDAiLCJQIjoiV2luMzIiLCJBTiI6Ik1haWwiLCJXVCI6Mn0%3D%7C0%7C%7C%7C&amp;sdata=nlBp2AO6nyYqo1WzvfFShNDA86AdLn7UJvht1HoKtm0%3D&amp;reserved=0\" target=\"_blank\" rel=\"noopener\">aqu\u00ed <\/a>el aviso de privacidad de Zoom sobre c\u00f3mo procesa sus datos personales. La grabaci\u00f3n de v\u00eddeo del evento se pondr\u00e1 a disposici\u00f3n del p\u00fablico en la p\u00e1gina web del evento de la UIT para crear conciencia y promover la normalizaci\u00f3n o estandarizaci\u00f3n con el objetivo de transferir conocimientos y cerrar la brecha de normalizaci\u00f3n. Para cualquier pregunta o solicitud relativa a sus datos personales, incluida su inclusi\u00f3n en v\u00eddeo, puede ponerse en contacto con la UIT al siguiente correo <a href=\"mailto:digitaltransformation@itu.int\">digitaltransformation@itu.int<\/a>.<\/em><\/p>\n<\/div>            <\/div>\n                                                <div data-span=\"2\">\n                    <div class=\"ituContainer\">\n<blockquote class=\"wp-block-quote has-vivid-cyan-blue-color has-text-color is-layout-flow wp-block-quote-is-layout-flow\"><div class=\"ituContainer\">\n<p class=\"has-black-color has-text-color has-medium-font-size wp-block-paragraph\"><strong>Organizado por<\/strong><\/p>\n<\/div><\/blockquote>\n<\/div>                    <div class=\"ituContainer\">\n<div class=\"wp-block-columns is-layout-flex wp-container-core-columns-is-layout-8f761849 wp-block-columns-is-layout-flex\"><div class=\"ituContainer\">\n<div class=\"wp-block-column is-vertically-aligned-center is-layout-flow wp-block-column-is-layout-flow\" style=\"flex-basis:98%\"><div class=\"wp-block-image is-resized\"><div class=\"ituContainer\">\n<figure class=\"aligncenter size-full\"><img loading=\"lazy\" decoding=\"async\" width=\"101\" height=\"117\" src=\"https:\/\/www.itu.int\/cities\/wp-content\/uploads\/2022\/11\/itu-logo.png\" alt=\"\" class=\"wp-image-251\" style=\"width:51px;height:auto\"\/><\/figure>\n<\/div><\/div>\n\n<div class=\"ituContainer\">\n<figure class=\"wp-block-image size-large\"><img loading=\"lazy\" decoding=\"async\" width=\"1024\" height=\"388\" src=\"https:\/\/www.itu.int\/cities\/wp-content\/uploads\/2024\/03\/MISION-ANTE-LA-ONU-Y-OTROS-ORGANISMOS-04-e1711373800991-1024x388.png\" alt=\"\" class=\"wp-image-2791\" srcset=\"https:\/\/www.itu.int\/cities\/wp-content\/uploads\/2024\/03\/MISION-ANTE-LA-ONU-Y-OTROS-ORGANISMOS-04-e1711373800991-1024x388.png 1024w, https:\/\/www.itu.int\/cities\/wp-content\/uploads\/2024\/03\/MISION-ANTE-LA-ONU-Y-OTROS-ORGANISMOS-04-e1711373800991-300x114.png 300w, https:\/\/www.itu.int\/cities\/wp-content\/uploads\/2024\/03\/MISION-ANTE-LA-ONU-Y-OTROS-ORGANISMOS-04-e1711373800991-768x291.png 768w, https:\/\/www.itu.int\/cities\/wp-content\/uploads\/2024\/03\/MISION-ANTE-LA-ONU-Y-OTROS-ORGANISMOS-04-e1711373800991-1536x583.png 1536w, https:\/\/www.itu.int\/cities\/wp-content\/uploads\/2024\/03\/MISION-ANTE-LA-ONU-Y-OTROS-ORGANISMOS-04-e1711373800991-2048x777.png 2048w\" sizes=\"auto, (max-width: 1024px) 100vw, 1024px\" \/><\/figure>\n<\/div>\n\n<div class=\"ituContainer\">\n<figure class=\"wp-block-image size-large is-resized\"><img loading=\"lazy\" decoding=\"async\" width=\"1024\" height=\"486\" src=\"https:\/\/www.itu.int\/cities\/wp-content\/uploads\/2024\/01\/logo-uab-20231-1024x486.jpg\" alt=\"\" class=\"wp-image-2651\" style=\"aspect-ratio:2.1072999120492524;width:95px;height:auto\" srcset=\"https:\/\/www.itu.int\/cities\/wp-content\/uploads\/2024\/01\/logo-uab-20231-1024x486.jpg 1024w, https:\/\/www.itu.int\/cities\/wp-content\/uploads\/2024\/01\/logo-uab-20231-300x142.jpg 300w, https:\/\/www.itu.int\/cities\/wp-content\/uploads\/2024\/01\/logo-uab-20231-768x364.jpg 768w, https:\/\/www.itu.int\/cities\/wp-content\/uploads\/2024\/01\/logo-uab-20231-1536x728.jpg 1536w, https:\/\/www.itu.int\/cities\/wp-content\/uploads\/2024\/01\/logo-uab-20231-2048x971.jpg 2048w\" sizes=\"auto, (max-width: 1024px) 100vw, 1024px\" \/><\/figure>\n<\/div>\n\n<div class=\"ituContainer\">\n<figure class=\"wp-block-image size-large is-resized\"><img loading=\"lazy\" decoding=\"async\" width=\"1024\" height=\"472\" src=\"https:\/\/www.itu.int\/cities\/wp-content\/uploads\/2024\/03\/Ogtic-Logo-e1711444299521-1024x472.jpg\" alt=\"\" class=\"wp-image-2799\" style=\"aspect-ratio:2.170289855072464;object-fit:cover;width:89px;height:auto\" srcset=\"https:\/\/www.itu.int\/cities\/wp-content\/uploads\/2024\/03\/Ogtic-Logo-e1711444299521-1024x472.jpg 1024w, https:\/\/www.itu.int\/cities\/wp-content\/uploads\/2024\/03\/Ogtic-Logo-e1711444299521-300x138.jpg 300w, https:\/\/www.itu.int\/cities\/wp-content\/uploads\/2024\/03\/Ogtic-Logo-e1711444299521-768x354.jpg 768w, https:\/\/www.itu.int\/cities\/wp-content\/uploads\/2024\/03\/Ogtic-Logo-e1711444299521-1536x708.jpg 1536w, https:\/\/www.itu.int\/cities\/wp-content\/uploads\/2024\/03\/Ogtic-Logo-e1711444299521.jpg 1913w\" sizes=\"auto, (max-width: 1024px) 100vw, 1024px\" \/><\/figure>\n<\/div>\n\n<div class=\"ituContainer\">\n<figure class=\"wp-block-image size-large is-resized\"><img loading=\"lazy\" decoding=\"async\" width=\"1024\" height=\"301\" src=\"https:\/\/www.itu.int\/cities\/wp-content\/uploads\/2024\/03\/Logo-1-negro-e1711444237935-1024x301.png\" alt=\"\" class=\"wp-image-2798\" style=\"aspect-ratio:3.403409090909091;width:95px;height:auto\" srcset=\"https:\/\/www.itu.int\/cities\/wp-content\/uploads\/2024\/03\/Logo-1-negro-e1711444237935-1024x301.png 1024w, https:\/\/www.itu.int\/cities\/wp-content\/uploads\/2024\/03\/Logo-1-negro-e1711444237935-300x88.png 300w, https:\/\/www.itu.int\/cities\/wp-content\/uploads\/2024\/03\/Logo-1-negro-e1711444237935-768x226.png 768w, https:\/\/www.itu.int\/cities\/wp-content\/uploads\/2024\/03\/Logo-1-negro-e1711444237935-1536x452.png 1536w, https:\/\/www.itu.int\/cities\/wp-content\/uploads\/2024\/03\/Logo-1-negro-e1711444237935.png 1724w\" sizes=\"auto, (max-width: 1024px) 100vw, 1024px\" \/><\/figure>\n<\/div><\/div>\n<\/div><\/div>\n<\/div>                    <div class=\"ituContainer\">\n<blockquote class=\"wp-block-quote has-vivid-cyan-blue-color has-text-color is-layout-flow wp-block-quote-is-layout-flow\"><div class=\"ituContainer\">\n<p class=\"has-black-color has-text-color has-medium-font-size wp-block-paragraph\"><strong>UN SDGs<\/strong><\/p>\n<\/div><\/blockquote>\n<\/div>                    <div class=\"ituContainer\">\n<div class=\"wp-block-columns is-layout-flex wp-container-core-columns-is-layout-8f761849 wp-block-columns-is-layout-flex\"><div class=\"ituContainer\">\n<div class=\"wp-block-column is-layout-flow wp-block-column-is-layout-flow\"><div class=\"ituContainer\">\n<figure class=\"wp-block-image size-full\"><img loading=\"lazy\" decoding=\"async\" width=\"278\" height=\"460\" src=\"https:\/\/www.itu.int\/cities\/wp-content\/uploads\/2025\/08\/2025-05-15-DTD-SDGs.png\" alt=\"\" class=\"wp-image-4477\" srcset=\"https:\/\/www.itu.int\/cities\/wp-content\/uploads\/2025\/08\/2025-05-15-DTD-SDGs.png 278w, https:\/\/www.itu.int\/cities\/wp-content\/uploads\/2025\/08\/2025-05-15-DTD-SDGs-181x300.png 181w\" sizes=\"auto, (max-width: 278px) 100vw, 278px\" \/><\/figure>\n<\/div><\/div>\n<\/div><\/div>\n<\/div>                    <div class=\"ituContainer\">\n<blockquote class=\"wp-block-quote has-vivid-cyan-blue-color has-text-color is-layout-flow wp-block-quote-is-layout-flow\"><div class=\"ituContainer\">\n<p class=\"has-black-color has-text-color has-medium-font-size wp-block-paragraph\"><strong>Objetivos estrat\u00e9gicos de la UIT<\/strong><\/p>\n<\/div><\/blockquote>\n<\/div>                    <div class=\"ituContainer\">\n<div class=\"wp-block-columns is-layout-flex wp-container-core-columns-is-layout-8f761849 wp-block-columns-is-layout-flex\"><div class=\"ituContainer\">\n<div class=\"wp-block-column is-layout-flow wp-block-column-is-layout-flow\"><div class=\"ituContainer\">\n<figure class=\"wp-block-image size-full is-resized\"><img loading=\"lazy\" decoding=\"async\" width=\"837\" height=\"85\" src=\"https:\/\/www.itu.int\/cities\/wp-content\/uploads\/2023\/03\/sustainable-digital-transformation.png\" alt=\"\" class=\"wp-image-792\" srcset=\"https:\/\/www.itu.int\/cities\/wp-content\/uploads\/2023\/03\/sustainable-digital-transformation.png 837w, https:\/\/www.itu.int\/cities\/wp-content\/uploads\/2023\/03\/sustainable-digital-transformation-300x30.png 300w, https:\/\/www.itu.int\/cities\/wp-content\/uploads\/2023\/03\/sustainable-digital-transformation-768x78.png 768w\" sizes=\"auto, (max-width: 837px) 100vw, 837px\" \/><\/figure>\n<\/div>\n\n<div class=\"ituContainer\">\n<figure class=\"wp-block-image size-full is-resized\"><img loading=\"lazy\" decoding=\"async\" width=\"840\" height=\"83\" src=\"https:\/\/www.itu.int\/cities\/wp-content\/uploads\/2023\/04\/universal-connectivity.png\" alt=\"\" class=\"wp-image-830\" srcset=\"https:\/\/www.itu.int\/cities\/wp-content\/uploads\/2023\/04\/universal-connectivity.png 840w, https:\/\/www.itu.int\/cities\/wp-content\/uploads\/2023\/04\/universal-connectivity-300x30.png 300w, https:\/\/www.itu.int\/cities\/wp-content\/uploads\/2023\/04\/universal-connectivity-768x76.png 768w\" sizes=\"auto, (max-width: 840px) 100vw, 840px\" \/><\/figure>\n<\/div><\/div>\n<\/div><\/div>\n<\/div>                    <div class=\"ituContainer\">\n<blockquote class=\"wp-block-quote has-vivid-cyan-blue-color has-text-color is-layout-flow wp-block-quote-is-layout-flow\"><div class=\"ituContainer\">\n<p class=\"has-black-color has-text-color has-medium-font-size wp-block-paragraph\"><strong>Informaci\u00f3n relacionada:<\/strong><\/p>\n<\/div><\/blockquote>\n<\/div>                    <div class=\"ituContainer\">\n<p class=\"wp-block-paragraph\"><a href=\"https:\/\/www.itu.int\/md\/T22-TSB-CIR-0139\/en\">Invitation letter<\/a><\/p>\n<\/div>                    <div class=\"ituContainer\">\n<p class=\"wp-block-paragraph\"><a href=\"https:\/\/www.itu.int\/cities\/?page_id=2472\">Digital Transformation Dialogues<\/a><\/p>\n<\/div>                    <div class=\"ituContainer\">\n<p class=\"wp-block-paragraph\"><a rel=\"noreferrer noopener\" href=\"http:\/\/www.itu.int\/cities\" target=\"_blank\">ITU-T Smart Sustainable Cities<\/a><\/p>\n<\/div>                    <div class=\"ituContainer\">\n<p class=\"wp-block-paragraph\"><a href=\"https:\/\/www.itu.int\/en\/ITU-T\/studygroups\/2022-2024\/20\/Pages\/default.aspx\" target=\"_blank\" rel=\"noreferrer noopener\">ITU-T Study Group 20: IoT and smart cities and communities<\/a><\/p>\n<\/div>                    <div class=\"ituContainer\">\n<p class=\"wp-block-paragraph\">Contact: <a href=\"mailto:digitaltransformation@itu.int\" target=\"_blank\" rel=\"noreferrer noopener\">Cristina Bueti<\/a>\u200b<\/p>\n<\/div>            <\/div>\n                    <\/div>\n    <\/section>\n<\/div>\n<\/div><\/div>\n<\/div>                            <div class=\"ituContainer\">\n<div class=\"wp-block-columns has-white-background-color has-background is-layout-flex wp-container-core-columns-is-layout-8f761849 wp-block-columns-is-layout-flex\"><div class=\"ituContainer\">\n<div class=\"wp-block-column is-layout-flow wp-block-column-is-layout-flow\"><div class=\"ituContainer\">\n<h2 class=\"wp-block-heading has-vivid-cyan-blue-color has-text-color\">Programa<\/h2>\n<\/div>\n\n<div class=\"ituContainer\">\n<blockquote class=\"wp-block-quote has-vivid-cyan-blue-color has-text-color has-link-color wp-elements-000df2e41a00abe7fbf358921c257559 is-layout-flow wp-block-quote-is-layout-flow\"><div class=\"ituContainer\">\n<p class=\"wp-block-paragraph\"><\/p>\n<\/div><\/blockquote>\n<\/div>\n\n<div class=\"ituContainer\">\n<blockquote class=\"wp-block-quote has-vivid-cyan-blue-color has-text-color has-link-color wp-elements-ce18595049066b527dd9b0baaa3a5299 is-layout-flow wp-block-quote-is-layout-flow\"><div class=\"ituContainer\">\n<p class=\"has-medium-font-size wp-block-paragraph\"><strong>16:00 &#8211; 16:10 Palabras de apertura<\/strong><\/p>\n<\/div><\/blockquote>\n<\/div>\n\n<div class=\"ituContainer\">\n<ul class=\"wp-block-list\"><div class=\"ituContainer\">\n<li><strong><a href=\"https:\/\/www.itu.int\/cities\/standards4dt\/dt-bio-bartolome-pujols\/\">Bartolom\u00e9 Pujols<\/a><\/strong>, Director general, Oficina Gubernamental de Tecnolog\u00edas de la Informaci\u00f3n y Comunicaci\u00f3n (OGTIC)<\/li>\n<\/div><\/ul>\n<\/div>\n\n<div class=\"ituContainer\">\n<blockquote class=\"wp-block-quote has-vivid-cyan-blue-color has-text-color has-link-color wp-elements-cdbb4179f8f9c4f969a0d057e7c7737d is-layout-flow wp-block-quote-is-layout-flow\"><div class=\"ituContainer\">\n<p class=\"has-medium-font-size wp-block-paragraph\"><strong>16:10 &#8211; 17:55 Sesi\u00f3n: Metaverso 360\u00b0: Explorando la Accesibilidad, la Inclusi\u00f3n y los Derechos Humanos en Dominicana Innova<\/strong><\/p>\n<\/div><\/blockquote>\n<\/div>\n\n<div class=\"ituContainer\">\n<p class=\"wp-block-paragraph\"><strong>Moderadora<\/strong>: <strong><a href=\"https:\/\/www.itu.int\/cities\/standards4dt\/dt-bio-wendy-teresa-goico-campagna\/\">Wendy Teresa Goico Campagna<\/a><\/strong>, Consejera-Punto Focal ante la UIT, Misi\u00f3n Permanente de la Rep\u00fablica Dominicana ante la Oficina de las Naciones Unidas en Ginebra, Suiza<\/p>\n<\/div>\n\n<div class=\"ituContainer\">\n<ul class=\"wp-block-list\"><div class=\"ituContainer\">\n<li><strong><a href=\"https:\/\/www.itu.int\/cities\/standards4dt\/dt-bio-noelia-nunez\/\">Noelia Nu\u00f1ez<\/a><\/strong>, Analista en la Direcci\u00f3n de Derechos Humanos, Ministerio de Relaciones Exteriores de la Rep\u00fablica Dominicana (MIREX) [<a href=\"https:\/\/www.itu.int\/cities\/wp-content\/uploads\/2024\/04\/1.-Noelia-Nunez-Tecnologias-Emergentes-e-Inclusion.pdf\">Presentaci\u00f3n<\/a>]<\/li>\n<\/div>\n\n<div class=\"ituContainer\">\n<li><strong><a href=\"https:\/\/www.itu.int\/cities\/standards4dt\/dt-bio-rodrigo\/\">Rodrigo Ruiz Ballesteros<\/a><\/strong>, Coordinador de Innovaci\u00f3n del Municipio de Quer\u00e9taro, Mexico [<a href=\"https:\/\/www.itu.int\/cities\/wp-content\/uploads\/2024\/04\/2.-Rodrigo-Ruiz-Ballesteros-Hacia-el-Meta-Estado-Queretaro-ITU.pdf\">Presentaci\u00f3n<\/a>]<\/li>\n<\/div>\n\n<div class=\"ituContainer\">\n<li><strong><a href=\"https:\/\/www.itu.int\/cities\/standards4dt\/dt-bio-manuel-barreiro\/\">Manuel Barreiro Casta\u00f1eda<\/a><\/strong>, CEO y fundador, Aston Group; Vicepresidente del Grupo Tem\u00e1tico del metaverso [<a href=\"https:\/\/www.itu.int\/cities\/wp-content\/uploads\/2024\/04\/3.-Manuel-Barreiro-Castaneda-Presentacion-QroReborn.pdf\">Presentaci\u00f3n<\/a>]<\/li>\n<\/div>\n\n<div class=\"ituContainer\">\n<li><strong><a href=\"https:\/\/www.itu.int\/cities\/standards4dt\/dt-bio-jon-black\/\">Jon Black<\/a><\/strong>, CEO y Fundador de Blackbot [<a href=\"https:\/\/www.itu.int\/cities\/wp-content\/uploads\/2024\/04\/4.-Jon-Black-METAVERSO.pdf\">Presentaci\u00f3n<\/a>]<\/li>\n<\/div>\n\n<div class=\"ituContainer\">\n<li><strong><a href=\"https:\/\/www.itu.int\/cities\/standards4dt\/dt-bio-karina-perez-teruel\/\">Karina P\u00e9rez Teruel<\/a><\/strong>, Profesora en la carrera de Ingenier\u00eda de Software de Instituto Tecnol\u00f3gico de Santo Domingo&nbsp;(INTEC) [<a href=\"https:\/\/www.itu.int\/cities\/wp-content\/uploads\/2024\/04\/5.-Karina-Perez-Teruel\u200b-Educacion-Inmersiva-y-Adaptativa.pdf\">Presentaci\u00f3n<\/a>]<\/li>\n<\/div>\n\n<div class=\"ituContainer\">\n<li><strong><a href=\"https:\/\/www.itu.int\/cities\/standards4dt\/dt-bio-osvaldo\/\">Osvaldo&nbsp;I. Larancuent Cueto<\/a><\/strong>, Presidente, Cap\u00edtulo Internet Society de la Rep\u00fablica Dominicana [<a href=\"https:\/\/www.itu.int\/cities\/wp-content\/uploads\/2024\/04\/6.-Osvaldo-Larancuent-isocdo-Metaverso-360-UIT-Abril-2024.pdf\">Presentaci\u00f3n<\/a>]<\/li>\n<\/div>\n\n<div class=\"ituContainer\">\n<li><strong><a href=\"https:\/\/www.itu.int\/cities\/standards4dt\/dt-bio-pilar-orero\/\">Pilar Orero<\/a><\/strong>, Presidenta del Grupo de Trabajo sobre Accesibilidad y Sostenibilidad del Grupo Tem\u00e1tico del metaverso y Catedr\u00e1tica; Universitat Aut\u00f2noma de Barcelona [<a href=\"https:\/\/www.itu.int\/cities\/wp-content\/uploads\/2024\/04\/7.-Pilar-Orero-Webinar-April-Dominicana-Innova.pdf\">Presentaci\u00f3n<\/a>]<\/li>\n<\/div>\n\n<div class=\"ituContainer\">\n<li><strong><a href=\"https:\/\/www.itu.int\/cities\/standards4dt\/dt-bio-yolanda-martinez\/\">Yolanda Martinez<\/a><\/strong>, Coordinador Senior de proyectos, Iniciativa GovStack, UIT<\/li>\n<\/div><\/ul>\n<\/div>\n\n<div class=\"ituContainer\">\n<p class=\"wp-block-paragraph\"><strong>Preguntas y Respuestas<\/strong><\/p>\n<\/div>\n\n<div class=\"ituContainer\">\n<blockquote class=\"wp-block-quote has-vivid-cyan-blue-color has-text-color has-link-color wp-elements-ec11deb3ded9340f0a23d0e6d43dcdf0 is-layout-flow wp-block-quote-is-layout-flow\"><div class=\"ituContainer\">\n<p class=\"has-medium-font-size wp-block-paragraph\"><strong>17:55 &#8211; 18:00 Palabras de clausura<\/strong><\/p>\n<\/div><\/blockquote>\n<\/div>\n\n<div class=\"ituContainer\">\n<ul class=\"wp-block-list\"><div class=\"ituContainer\">\n<li><a href=\"https:\/\/www.itu.int\/cities\/standards4dt\/cristina-bueti\/\"><strong>Cristina Bueti<\/strong><\/a>, Consejera, UIT<\/li>\n<\/div><\/ul>\n<\/div>\n\n<div class=\"ituContainer\">\n<div class=\"wp-block-buttons is-content-justification-center is-layout-flex wp-container-core-buttons-is-layout-fe48e5de wp-block-buttons-is-layout-flex\"><div class=\"ituContainer\">\n<div class=\"wp-block-button\"><a class=\"wp-block-button__link wp-element-button\" href=\"https:\/\/www.itu.int\/cities\/?page_id=2472\">Back to the DTD main page<\/a><\/div>\n<\/div><\/div>\n<\/div><\/div>\n<\/div><\/div>\n<\/div>                    <\/div>\n    <\/div>\n","protected":false},"excerpt":{"rendered":"","protected":false},"author":5,"featured_media":0,"parent":2472,"menu_order":0,"comment_status":"closed","ping_status":"closed","template":"","meta":{"_crdt_document":"","footnotes":""},"class_list":["post-2767","page","type-page","status-publish","hentry"],"featured_image_src":null,"featured_image_src_square":null,"_links":{"self":[{"href":"https:\/\/www.itu.int\/cities\/wp-json\/wp\/v2\/pages\/2767","targetHints":{"allow":["GET"]}}],"collection":[{"href":"https:\/\/www.itu.int\/cities\/wp-json\/wp\/v2\/pages"}],"about":[{"href":"https:\/\/www.itu.int\/cities\/wp-json\/wp\/v2\/types\/page"}],"author":[{"embeddable":true,"href":"https:\/\/www.itu.int\/cities\/wp-json\/wp\/v2\/users\/5"}],"replies":[{"embeddable":true,"href":"https:\/\/www.itu.int\/cities\/wp-json\/wp\/v2\/comments?post=2767"}],"version-history":[{"count":0,"href":"https:\/\/www.itu.int\/cities\/wp-json\/wp\/v2\/pages\/2767\/revisions"}],"up":[{"embeddable":true,"href":"https:\/\/www.itu.int\/cities\/wp-json\/wp\/v2\/pages\/2472"}],"wp:attachment":[{"href":"https:\/\/www.itu.int\/cities\/wp-json\/wp\/v2\/media?parent=2767"}],"curies":[{"name":"wp","href":"https:\/\/api.w.org\/{rel}","templated":true}]}}