{"id":2009,"date":"2023-12-08T16:19:58","date_gmt":"2023-12-08T16:19:58","guid":{"rendered":"https:\/\/www.itu.int\/cities\/?page_id=2009"},"modified":"2025-08-28T00:22:22","modified_gmt":"2025-08-28T00:22:22","slug":"sg20","status":"publish","type":"page","link":"https:\/\/www.itu.int\/cities\/year-in-review-2023\/sg20\/","title":{"rendered":"SG20"},"content":{"rendered":"<div class=\"ituContainer\">\n<div class=\"wp-block-cover has-parallax\" style=\"min-height:400px;aspect-ratio:unset;\"><div class=\"wp-block-cover__image-background wp-image-75 has-parallax\" style=\"background-position:50% 50%;background-image:url(https:\/\/www.itu.int\/cities\/wp-content\/uploads\/2022\/09\/shutterstock_1819707008-2048x1280-1.jpg)\"><\/div><span aria-hidden=\"true\" class=\"wp-block-cover__background has-black-background-color has-background-dim-60 has-background-dim\"><\/span><div class=\"wp-block-cover__inner-container is-layout-constrained wp-block-cover-is-layout-constrained\"><div class=\"ituContainer\">\n<div class=\"wp-block-columns is-layout-flex wp-container-core-columns-is-layout-8f761849 wp-block-columns-is-layout-flex\"><div class=\"ituContainer\">\n<div class=\"wp-block-column is-layout-flow wp-block-column-is-layout-flow\"><div class=\"ituContainer\">\n<h2 class=\"wp-block-heading has-white-color has-text-color has-link-color has-large-font-size wp-elements-9f75027803a8a0819c77b46dd10bf0f8\">ITU-T Study Group 20 Internet of Things, smart cities and communities<\/h2>\n<\/div>\n\n<div class=\"ituContainer\">\n<p class=\"has-white-color has-text-color has-link-color wp-elements-25480794036bb7177bb7c45f9d9dc112 wp-block-paragraph\">In 2023,&nbsp;ITU-T&nbsp;Study Group 20 developed&nbsp;24 Recommendations and seven agreed texts&nbsp;and continued&nbsp;to work on the development of&nbsp;104&nbsp;standards and guidelines on IoT and SSC as well as&nbsp;big data, digital services,&nbsp;and digital health.<\/p>\n<\/div><\/div>\n<\/div><\/div>\n<\/div>\n\n<div class=\"ituContainer\">\n<div class=\"wp-block-columns is-layout-flex wp-container-core-columns-is-layout-8f761849 wp-block-columns-is-layout-flex\"><div class=\"ituContainer\">\n<div class=\"wp-block-column is-layout-flow wp-block-column-is-layout-flow\" style=\"flex-basis:8%\"><\/div>\n<\/div>\n\n<div class=\"ituContainer\">\n<div class=\"wp-block-column is-layout-flow wp-block-column-is-layout-flow\"><div class=\"ituContainer\">\n<div class=\"wp-block-buttons is-layout-flex wp-block-buttons-is-layout-flex\"><div class=\"ituContainer\">\n<div class=\"wp-block-button\"><a class=\"wp-block-button__link has-vivid-cyan-blue-background-color has-background has-medium-font-size has-custom-font-size wp-element-button\" href=\"https:\/\/www.itu.int\/en\/ITU-T\/studygroups\/2022-2024\/20\/Pages\/default.aspx\" style=\"border-radius:12px\" target=\"_blank\" rel=\"noreferrer noopener\"><strong>Visit the website<\/strong><\/a><\/div>\n<\/div><\/div>\n<\/div><\/div>\n<\/div>\n\n<div class=\"ituContainer\">\n<div class=\"wp-block-column is-layout-flow wp-block-column-is-layout-flow\" style=\"flex-basis:30%\"><\/div>\n<\/div><\/div>\n<\/div><\/div><\/div>\n<\/div>\n\n    <div class=\"ituContainer grid\">\n        <div data-span=\"12\">\n                            <div class=\"ituContainer\">\n<div class=\"wp-block-columns has-white-background-color has-background is-layout-flex wp-container-core-columns-is-layout-8f761849 wp-block-columns-is-layout-flex\"><div class=\"ituContainer\">\n<div class=\"wp-block-column is-layout-flow wp-block-column-is-layout-flow\" style=\"flex-basis:40%\"><div class=\"ituContainer\">\n<h3 class=\"wp-block-heading\">SG20 Management Team<\/h3>\n<\/div>\n\n<div class=\"ituContainer\">\n<p class=\"has-small-font-size wp-block-paragraph\"><strong>SG20 Chair<\/strong><\/p>\n<\/div>\n\n<div class=\"ituContainer\">\n<div class=\"wp-block-columns is-layout-flex wp-container-core-columns-is-layout-8f761849 wp-block-columns-is-layout-flex\"><div class=\"ituContainer\">\n<div class=\"wp-block-column is-layout-flow wp-block-column-is-layout-flow\" style=\"flex-basis:100px\"><div class=\"ituContainer\">\n<figure class=\"wp-block-image size-full is-resized is-style-rounded\"><img loading=\"lazy\" decoding=\"async\" width=\"750\" height=\"750\" src=\"https:\/\/www.itu.int\/cities\/wp-content\/uploads\/2022\/12\/Hyoung20Jun20Kim-e1690541913240.jpg\" alt=\"\" class=\"wp-image-366\" style=\"width:100px;height:auto\" srcset=\"https:\/\/www.itu.int\/cities\/wp-content\/uploads\/2022\/12\/Hyoung20Jun20Kim-e1690541913240.jpg 750w, https:\/\/www.itu.int\/cities\/wp-content\/uploads\/2022\/12\/Hyoung20Jun20Kim-e1690541913240-300x300.jpg 300w, https:\/\/www.itu.int\/cities\/wp-content\/uploads\/2022\/12\/Hyoung20Jun20Kim-e1690541913240-150x150.jpg 150w, https:\/\/www.itu.int\/cities\/wp-content\/uploads\/2022\/12\/Hyoung20Jun20Kim-e1690541913240-600x600.jpg 600w\" sizes=\"auto, (max-width: 750px) 100vw, 750px\" \/><\/figure>\n<\/div><\/div>\n<\/div>\n\n<div class=\"ituContainer\">\n<div class=\"wp-block-column is-layout-flow wp-block-column-is-layout-flow\"><div class=\"ituContainer\">\n<p class=\"has-small-font-size wp-block-paragraph\"><strong><strong>Hyoung Jun<\/strong>&nbsp;<strong>KIM<\/strong><\/strong><\/p>\n<\/div>\n\n<div class=\"ituContainer\">\n<p class=\"has-small-font-size wp-block-paragraph\">ETRI, Korea (Rep. of)<\/p>\n<\/div><\/div>\n<\/div><\/div>\n<\/div>\n\n<div class=\"ituContainer\">\n<p class=\"has-small-font-size wp-block-paragraph\"><strong>SG20 Vice-Chairs<\/strong><\/p>\n<\/div>\n\n<div class=\"ituContainer\">\n<div class=\"wp-block-columns is-layout-flex wp-container-core-columns-is-layout-8f761849 wp-block-columns-is-layout-flex\"><div class=\"ituContainer\">\n<div class=\"wp-block-column is-layout-flow wp-block-column-is-layout-flow\" style=\"flex-basis:160px\"><div class=\"ituContainer\">\n<p class=\"wp-block-paragraph\" style=\"font-size:10px\"><strong>Ali<\/strong>&nbsp;<strong>ABBASSENE<\/strong><\/p>\n<\/div>\n\n<div class=\"ituContainer\">\n<p class=\"wp-block-paragraph\" style=\"font-size:10px\">Minist\u00e8re de la Poste et des T\u00e9l\u00e9communications (MPT), Algeria<\/p>\n<\/div>\n\n<div class=\"ituContainer\">\n<p class=\"wp-block-paragraph\" style=\"font-size:10px\"><strong>H\u00e9ctor Mario<\/strong>&nbsp;<strong>CARRIL<\/strong><\/p>\n<\/div>\n\n<div class=\"ituContainer\">\n<p class=\"wp-block-paragraph\" style=\"font-size:10px\">CeSPI, Universidad Nacional de la Plata, Argentina<\/p>\n<\/div>\n\n<div class=\"ituContainer\">\n<p class=\"wp-block-paragraph\" style=\"font-size:10px\"><strong>Shane<\/strong>&nbsp;<strong>HE<\/strong><\/p>\n<\/div>\n\n<div class=\"ituContainer\">\n<p class=\"wp-block-paragraph\" style=\"font-size:10px\">Nokia Corporation, Finland<\/p>\n<\/div>\n\n<div class=\"ituContainer\">\n<p class=\"wp-block-paragraph\" style=\"font-size:10px\"><strong><strong>Ziqin<\/strong>&nbsp;<strong>SANG<\/strong><\/strong><\/p>\n<\/div>\n\n<div class=\"ituContainer\">\n<p class=\"wp-block-paragraph\" style=\"font-size:10px\">Ministry of Industry and Information Technology (MIIT), China<\/p>\n<\/div><\/div>\n<\/div>\n\n<div class=\"ituContainer\">\n<div class=\"wp-block-column is-layout-flow wp-block-column-is-layout-flow\" style=\"flex-basis:150px\"><div class=\"ituContainer\">\n<p class=\"wp-block-paragraph\" style=\"font-size:10px\"><strong>Muath<\/strong>&nbsp;<strong>ALRUMAYH<\/strong><\/p>\n<\/div>\n\n<div class=\"ituContainer\">\n<p class=\"wp-block-paragraph\" style=\"font-size:10px\">Communication and Information Technology Commission, Saudi Arabia<\/p>\n<\/div>\n\n<div class=\"ituContainer\">\n<p class=\"wp-block-paragraph\" style=\"font-size:10px\"><strong>Ramy Ahmed FATHY<\/strong><\/p>\n<\/div>\n\n<div class=\"ituContainer\">\n<p class=\"wp-block-paragraph\" style=\"font-size:10px\">National Telecom Regulatory Authority, Egypt<\/p>\n<\/div>\n\n<div class=\"ituContainer\">\n<p class=\"wp-block-paragraph\" style=\"font-size:10px\"><strong>Emmanuel MANASSEH<\/strong><\/p>\n<\/div>\n\n<div class=\"ituContainer\">\n<p class=\"wp-block-paragraph\" style=\"font-size:10px\">Tanzania Communications Regulatory Authority, Tanzania<\/p>\n<\/div>\n\n<div class=\"ituContainer\">\n<p class=\"wp-block-paragraph\" style=\"font-size:10px\"><strong>Toru<\/strong>&nbsp;<strong>YAMADA<\/strong><\/p>\n<\/div>\n\n<div class=\"ituContainer\">\n<p class=\"wp-block-paragraph\" style=\"font-size:10px\">NEC Corporation, Japan<\/p>\n<\/div><\/div>\n<\/div>\n\n<div class=\"ituContainer\">\n<div class=\"wp-block-column is-layout-flow wp-block-column-is-layout-flow\" style=\"flex-basis:150px\"><div class=\"ituContainer\">\n<p class=\"wp-block-paragraph\" style=\"font-size:10px\"><strong>Fabio<\/strong>&nbsp;<strong>BIGI<\/strong><\/p>\n<\/div>\n\n<div class=\"ituContainer\">\n<p class=\"wp-block-paragraph\" style=\"font-size:10px\">Ministero Dello Sviluppo Economico (Dipartimento Comunicazioni), Italy<\/p>\n<\/div>\n\n<div class=\"ituContainer\">\n<p class=\"wp-block-paragraph\" style=\"font-size:10px\"><strong><strong><strong><strong><strong>Harinderpal Singh GREWAL<\/strong><\/strong><\/strong><\/strong><\/strong><\/p>\n<\/div>\n\n<div class=\"ituContainer\">\n<p class=\"wp-block-paragraph\" style=\"font-size:10px\">IMDA, Singapore<\/p>\n<\/div>\n\n<div class=\"ituContainer\">\n<p class=\"wp-block-paragraph\" style=\"font-size:10px\"><strong><strong><strong><strong><strong>Achime Malick NDIAYE<\/strong><\/strong><\/strong><\/strong><\/strong><\/p>\n<\/div>\n\n<div class=\"ituContainer\">\n<p class=\"wp-block-paragraph\" style=\"font-size:10px\">Minist\u00e8re de l&#8217;Economie num\u00e9rique et des T\u00e9l\u00e9communications, Senegal<\/p>\n<\/div><\/div>\n<\/div><\/div>\n<\/div><\/div>\n<\/div>\n\n<div class=\"ituContainer\">\n<div class=\"wp-block-column is-layout-flow wp-block-column-is-layout-flow\" style=\"flex-basis:60%\"><div class=\"ituContainer\">\n<h2 class=\"wp-block-heading has-black-color has-text-color has-link-color wp-elements-0f24f3e251d8144577e0ad35010a1546\" style=\"font-size:32px\">SG20 Meetings in 2023<\/h2>\n<\/div>\n\n<div class=\"ituContainer\">\n<p class=\"wp-block-paragraph\" style=\"font-size:16px\">ITU-T Study Group 20 is responsible for studies relating to Internet of Things (IoT) and its applications, and smart cities and communities (SC&amp;C). This includes studies relating to big data aspects of IoT and SC&amp;C, digital services for SC&amp;C, and digital transformation relevant IoT and SC&amp;C aspects. <\/p>\n<\/div>\n\n<div class=\"ituContainer\">\n<p class=\"wp-block-paragraph\" style=\"font-size:16px\">In 2023, the group held two meetings: <\/p>\n<\/div>\n\n<div class=\"ituContainer\">\n<p class=\"has-vivid-cyan-blue-color has-text-color has-link-color wp-elements-c229fe87db096fc7aca9fc007cade710 wp-block-paragraph\" style=\"font-size:18px\"><strong>2 meetings<\/strong><\/p>\n<\/div>\n\n<div class=\"ituContainer\">\n<ul class=\"wp-block-list\"><div class=\"ituContainer\">\n<li style=\"font-size:16px\">first meeting: Geneva, Switzerland, 30 January\u201310 February 2023<\/li>\n<\/div>\n\n<div class=\"ituContainer\">\n<li style=\"font-size:16px\">second meeting: Arusha, Tanzania, 13-22 September 2023<\/li>\n<\/div><\/ul>\n<\/div>\n\n<div class=\"ituContainer\">\n<div class=\"wp-block-columns is-layout-flex wp-container-core-columns-is-layout-8f761849 wp-block-columns-is-layout-flex\"><div class=\"ituContainer\">\n<div class=\"wp-block-column is-layout-flow wp-block-column-is-layout-flow\"><div class=\"ituContainer\">\n<p class=\"has-vivid-cyan-blue-color has-text-color has-link-color wp-elements-c1e95262834c0f1dece274ec432c973c wp-block-paragraph\" style=\"font-size:18px\"><strong>640 participants<\/strong><\/p>\n<\/div>\n\n<div class=\"ituContainer\">\n<ul class=\"wp-block-list\"><div class=\"ituContainer\">\n<li class=\"has-small-font-size\">first meeting: 309 participants <\/li>\n<\/div>\n\n<div class=\"ituContainer\">\n<li class=\"has-small-font-size\">second meeting: 331 participants<\/li>\n<\/div><\/ul>\n<\/div>\n\n<div class=\"ituContainer\">\n<p class=\"has-vivid-cyan-blue-color has-text-color has-link-color wp-elements-2b2e271b308ec5785facf08f3b09c352 wp-block-paragraph\" style=\"font-size:18px\"><strong>24 approved standards<\/strong><\/p>\n<\/div>\n\n<div class=\"ituContainer\">\n<ul class=\"wp-block-list\"><div class=\"ituContainer\">\n<li class=\"has-small-font-size\">SG20 approved <a href=\"https:\/\/www.itu.int\/ITU-T\/recommendations\/index_sg.aspx?sg=20\" target=\"_blank\" rel=\"noreferrer noopener\">24 new international standards<\/a> in 2023.<\/li>\n<\/div><\/ul>\n<\/div><\/div>\n<\/div>\n\n<div class=\"ituContainer\">\n<div class=\"wp-block-column is-layout-flow wp-block-column-is-layout-flow\"><div class=\"ituContainer\">\n<p class=\"has-vivid-cyan-blue-color has-text-color has-link-color wp-elements-bca767d50f0159752a69c864125be096 wp-block-paragraph\" style=\"font-size:18px\"><strong>242 contributions<\/strong><\/p>\n<\/div>\n\n<div class=\"ituContainer\">\n<ul class=\"wp-block-list\"><div class=\"ituContainer\">\n<li class=\"has-small-font-size\">first meeting: 117 contributions<\/li>\n<\/div>\n\n<div class=\"ituContainer\">\n<li class=\"has-small-font-size\">second meeting: 125 contributions<\/li>\n<\/div><\/ul>\n<\/div>\n\n<div class=\"ituContainer\">\n<p class=\"has-vivid-cyan-blue-color has-text-color has-link-color wp-elements-635c0ce917c3f7fe07155d58dc220169 wp-block-paragraph\" style=\"font-size:18px\"><strong>104 ongoing work items<\/strong><\/p>\n<\/div>\n\n<div class=\"ituContainer\">\n<ul class=\"wp-block-list\"><div class=\"ituContainer\">\n<li class=\"has-small-font-size\">SG20 is developing 104 ongoing work items.<\/li>\n<\/div><\/ul>\n<\/div><\/div>\n<\/div><\/div>\n<\/div><\/div>\n<\/div><\/div>\n<\/div>                            <div class=\"ituContainer\">\n<div class=\"wp-block-columns has-white-background-color has-background is-layout-flex wp-container-core-columns-is-layout-8f761849 wp-block-columns-is-layout-flex\"><div class=\"ituContainer\">\n<div class=\"wp-block-column is-layout-flow wp-block-column-is-layout-flow\" style=\"flex-basis:66.66%\">    <section>\n        <div class=\"ituContainer grid\">\n                                                <div data-span=\"6\">\n                    <div class=\"ituContainer\">\n<h2 class=\"wp-block-heading has-black-color has-text-color has-link-color wp-elements-dc9cce01b51c035fbb4558efc999ecf9\">New Regional Group for Asia Pacific<\/h2>\n<\/div>                    <div class=\"ituContainer\">\n<p class=\"wp-block-paragraph\" style=\"font-size:16px\">The group held its first meeting on 25\u201326 July 2023. The meeting had <strong>121 participants<\/strong> from <strong>15 countries<\/strong>.<\/p>\n<\/div>                    <div class=\"ituContainer\">\n<p class=\"wp-block-paragraph\" style=\"font-size:16px\">At its first meeting the group agreed to focus on digital transformation of cities and rural areas, dissemination of emerging technologies such as blockchain, digital twin, AI, metaverse and IoT, promoting activities of SG20 and SG20RG-AP, and bridging the standardization gap.<\/p>\n<\/div>                    <div class=\"ituContainer\">\n<p class=\"wp-block-paragraph\"><strong><a href=\"https:\/\/www.itu.int\/cities\/about\/\" target=\"_blank\" rel=\"noreferrer noopener\">Learn more &gt;<\/a><\/strong><\/p>\n<\/div>            <\/div>\n                                                <div data-span=\"6\">\n                    \n<div class=\"alignnormal\"><div id=\"metaslider-id-2142\" style=\"width: 100%;\" class=\"ml-slider-3-108-0 metaslider metaslider-flex metaslider-2142 ml-slider has-dots-nav ms-theme-default\" role=\"region\" aria-label=\"New Slideshow\" data-height=\"1975\" data-width=\"5197\">\n    <div id=\"metaslider_container_2142\">\n        <div id=\"metaslider_2142\">\n            <ul class='slides'>\n                <li style=\"display: block; width: 100%;\" class=\"slide-2143 ms-image \" aria-roledescription=\"slide\" data-date=\"2023-10-30 15:11:45\" data-filename=\"ITU-TSG20RG-AP-1024x726-NEW-5197x1975.png\" data-slide-type=\"image\"><a href=\"https:\/\/www.itu.int\/en\/ITU-T\/regionalgroups\/sg20-ap\/Pages\/default.aspx\" target=\"_self\" aria-label=\"View Slide Details\" class=\"metaslider_image_link\"><img loading=\"lazy\" decoding=\"async\" src=\"https:\/\/www.itu.int\/cities\/wp-content\/uploads\/2024\/11\/ITU-TSG20RG-AP-1024x726-NEW-5197x1975.png\" height=\"1975\" width=\"5197\" alt=\"\" class=\"slider-2142 slide-2143 msDefaultImage\" title=\"ITU-TSG20RG-AP-1024x726-NEW\" \/><\/a><\/li>\n                <li style=\"display: none; width: 100%;\" class=\"slide-2144 ms-image \" aria-roledescription=\"slide\" data-date=\"2023-10-30 15:11:45\" data-filename=\"SG20RG-EECAT-5197x1975.png\" data-slide-type=\"image\"><img loading=\"lazy\" decoding=\"async\" src=\"https:\/\/www.itu.int\/cities\/wp-content\/uploads\/2023\/01\/SG20RG-EECAT-5197x1975.png\" height=\"1975\" width=\"5197\" alt=\"\" class=\"slider-2142 slide-2144 msDefaultImage\" title=\"SG20RG-EECAT\" \/><\/li>\n                <li style=\"display: none; width: 100%;\" class=\"slide-2145 ms-image \" aria-roledescription=\"slide\" data-date=\"2023-10-30 15:11:46\" data-filename=\"SG20RG-LATAM-5197x1975.png\" data-slide-type=\"image\"><img loading=\"lazy\" decoding=\"async\" src=\"https:\/\/www.itu.int\/cities\/wp-content\/uploads\/2023\/01\/SG20RG-LATAM-5197x1975.png\" height=\"1975\" width=\"5197\" alt=\"\" class=\"slider-2142 slide-2145 msDefaultImage\" title=\"SG20RG-LATAM\" \/><\/li>\n                <li style=\"display: none; width: 100%;\" class=\"slide-2146 ms-image \" aria-roledescription=\"slide\" data-date=\"2023-10-30 15:11:46\" data-filename=\"SG20RG-ARB-5197x1975.png\" data-slide-type=\"image\"><img loading=\"lazy\" decoding=\"async\" src=\"https:\/\/www.itu.int\/cities\/wp-content\/uploads\/2023\/01\/SG20RG-ARB-5197x1975.png\" height=\"1975\" width=\"5197\" alt=\"\" class=\"slider-2142 slide-2146 msDefaultImage\" title=\"SG20RG-ARB\" \/><\/li>\n                <li style=\"display: none; width: 100%;\" class=\"slide-2147 ms-image \" aria-roledescription=\"slide\" data-date=\"2023-10-30 15:11:47\" data-filename=\"SG20RG-AFR-5197x1975.png\" data-slide-type=\"image\"><img loading=\"lazy\" decoding=\"async\" src=\"https:\/\/www.itu.int\/cities\/wp-content\/uploads\/2023\/01\/SG20RG-AFR-5197x1975.png\" height=\"1975\" width=\"5197\" alt=\"\" class=\"slider-2142 slide-2147 msDefaultImage\" title=\"SG20RG-AFR\" \/><\/li>\n            <\/ul>\n        <\/div>\n        \n    <\/div>\n<\/div><\/div>\n            <\/div>\n                    <\/div>\n    <\/section>\n<\/div>\n<\/div><\/div>\n<\/div>                            <div class=\"ituContainer\">\n<div class=\"wp-block-columns has-white-background-color has-background is-layout-flex wp-container-core-columns-is-layout-8f761849 wp-block-columns-is-layout-flex\"><div class=\"ituContainer\">\n<div class=\"wp-block-column is-layout-flow wp-block-column-is-layout-flow\" style=\"flex-basis:33.33%\">    <section>\n        <div class=\"ituContainer grid\">\n                                                <div data-span=\"3\">\n                    <div class=\"ituContainer\">\n<figure class=\"wp-block-image size-full is-style-default\"><img loading=\"lazy\" decoding=\"async\" width=\"1000\" height=\"667\" src=\"https:\/\/www.itu.int\/cities\/wp-content\/uploads\/2023\/11\/CG-AIoT.jpg\" alt=\"\" class=\"wp-image-2279\" srcset=\"https:\/\/www.itu.int\/cities\/wp-content\/uploads\/2023\/11\/CG-AIoT.jpg 1000w, https:\/\/www.itu.int\/cities\/wp-content\/uploads\/2023\/11\/CG-AIoT-300x200.jpg 300w, https:\/\/www.itu.int\/cities\/wp-content\/uploads\/2023\/11\/CG-AIoT-768x512.jpg 768w, https:\/\/www.itu.int\/cities\/wp-content\/uploads\/2023\/11\/CG-AIoT-600x400.jpg 600w\" sizes=\"auto, (max-width: 1000px) 100vw, 1000px\" \/><\/figure>\n<\/div>            <\/div>\n                                                <div data-span=\"9\">\n                    <div class=\"ituContainer\">\n<h2 class=\"wp-block-heading\">Correspondence Group for Artificial intelligence of Things Activities (CG-AIoT)<\/h2>\n<\/div>                    <div class=\"ituContainer\">\n<p class=\"wp-block-paragraph\" style=\"font-size:16px\">The Correspondence Group for Artificial intelligence of Things Activities (CG-AIoT) concluded its activities with a publication of a Technical Paper on \u201c<a href=\"https:\/\/www.itu.int\/md\/T22-SG11-231010-TD-GEN-0663\" target=\"_blank\" rel=\"noreferrer noopener\">Challenges of and Guidelines to Standardization on Artificial Intelligence of Things<\/a>\u201d. <\/p>\n<\/div>                    <div class=\"ituContainer\">\n<p class=\"wp-block-paragraph\" style=\"font-size:16px\"><a href=\"https:\/\/www.itu.int\/en\/ITU-T\/studygroups\/2022-2024\/20\/Pages\/CG-AIoT.aspx\" target=\"_blank\" rel=\"noreferrer noopener\"><strong>Learn more &gt;<\/strong><\/a><\/p>\n<\/div>            <\/div>\n                    <\/div>\n    <\/section>\n<\/div>\n<\/div><\/div>\n<\/div>                            <div class=\"ituContainer\">\n<p class=\"wp-block-paragraph\"><strong><a href=\"https:\/\/www.itu.int\/cities\/?page_id=2006\">Back to the Year in Review 2023 &gt;<\/a><\/strong><\/p>\n<\/div>                    <\/div>\n    <\/div>\n","protected":false},"excerpt":{"rendered":"","protected":false},"author":7,"featured_media":0,"parent":2006,"menu_order":0,"comment_status":"closed","ping_status":"closed","template":"","meta":{"_crdt_document":"","footnotes":""},"class_list":["post-2009","page","type-page","status-publish","hentry"],"featured_image_src":null,"featured_image_src_square":null,"_links":{"self":[{"href":"https:\/\/www.itu.int\/cities\/wp-json\/wp\/v2\/pages\/2009","targetHints":{"allow":["GET"]}}],"collection":[{"href":"https:\/\/www.itu.int\/cities\/wp-json\/wp\/v2\/pages"}],"about":[{"href":"https:\/\/www.itu.int\/cities\/wp-json\/wp\/v2\/types\/page"}],"author":[{"embeddable":true,"href":"https:\/\/www.itu.int\/cities\/wp-json\/wp\/v2\/users\/7"}],"replies":[{"embeddable":true,"href":"https:\/\/www.itu.int\/cities\/wp-json\/wp\/v2\/comments?post=2009"}],"version-history":[{"count":0,"href":"https:\/\/www.itu.int\/cities\/wp-json\/wp\/v2\/pages\/2009\/revisions"}],"up":[{"embeddable":true,"href":"https:\/\/www.itu.int\/cities\/wp-json\/wp\/v2\/pages\/2006"}],"wp:attachment":[{"href":"https:\/\/www.itu.int\/cities\/wp-json\/wp\/v2\/media?parent=2009"}],"curies":[{"name":"wp","href":"https:\/\/api.w.org\/{rel}","templated":true}]}}