{"id":1532,"date":"2023-08-09T13:35:12","date_gmt":"2023-08-09T13:35:12","guid":{"rendered":"https:\/\/www.itu.int\/cities\/?page_id=1532"},"modified":"2025-08-21T09:08:40","modified_gmt":"2025-08-21T09:08:40","slug":"lizania-perez-rodriquez-s","status":"publish","type":"page","link":"https:\/\/www.itu.int\/cities\/standards4dt\/lizania-perez-rodriquez-s\/","title":{"rendered":"Lizania Per\u00e9z Rodr\u00edquez"},"content":{"rendered":"    <div class=\"ituContainer grid\">\n        <div data-span=\"12\">\n                            <div class=\"ituContainer\">\n<div class=\"wp-block-columns has-white-background-color has-background is-layout-flex wp-container-core-columns-is-layout-8f761849 wp-block-columns-is-layout-flex\"><div class=\"ituContainer\">\n<div class=\"wp-block-column is-layout-flow wp-block-column-is-layout-flow\">    <section>\n        <div class=\"ituContainer grid\">\n                                                <div data-span=\"3\">\n                    <div class=\"wp-block-image is-style-rounded\"><div class=\"ituContainer\">\n<figure class=\"aligncenter size-full is-resized\"><img loading=\"lazy\" decoding=\"async\" width=\"512\" height=\"512\" src=\"https:\/\/www.itu.int\/cities\/wp-content\/uploads\/2022\/12\/LIZANIA1-e1690789629426.jpg\" alt=\"\" class=\"wp-image-356\" style=\"object-fit:cover;width:200px;height:200px\" srcset=\"https:\/\/www.itu.int\/cities\/wp-content\/uploads\/2022\/12\/LIZANIA1-e1690789629426.jpg 512w, https:\/\/www.itu.int\/cities\/wp-content\/uploads\/2022\/12\/LIZANIA1-e1690789629426-300x300.jpg 300w, https:\/\/www.itu.int\/cities\/wp-content\/uploads\/2022\/12\/LIZANIA1-e1690789629426-150x150.jpg 150w\" sizes=\"auto, (max-width: 512px) 100vw, 512px\" \/><figcaption class=\"wp-element-caption\"><strong><strong>Lizania Per\u00e9z \u200bRodr\u00edqu\u200bez\u200b<\/strong><\/strong><br>Secretaria Ejecutiva de la Comisi\u00f3n T\u00e9cnica Regional de Telecomunicaciones \u200b (COMTELCA)<br><\/figcaption><\/figure>\n<\/div><\/div>            <\/div>\n                                                <div data-span=\"6\">\n                    <div class=\"ituContainer\">\n<blockquote class=\"wp-block-quote is-style-plain is-layout-flow wp-block-quote-is-layout-flow\"><div class=\"ituContainer\">\n<p class=\"has-text-align-left wp-block-paragraph\">Lizania P\u00e9rez es Ingeniera Telem\u00e1tica, egresada de la Pontificia Universidad Cat\u00f3lica Madre y Maestra, recinto Santiago de los Caballeros, Rep\u00fablica Dominicana; tambi\u00e9n es Especialista en Sistemas de Informaci\u00f3n Gerencial, t\u00edtulo obtenido en el Instituto Tecnol\u00f3gico de Santo Domingo. A su vez realiz\u00f3 una especialidad en Econom\u00eda y Regulaci\u00f3n de las Telecomunicaciones en la Universidad Internacional Iberoamericana de Puerto Rico. Ha cursado dos Maestr\u00edas, la primera en Gesti\u00f3n de las Telecomunicaciones y Tecnolog\u00edas de la Informaci\u00f3n en la Escuela de Organizaci\u00f3n Industrial de Madrid, Espa\u00f1a y la Segunda fue una Maestr\u00eda en Ciberseguridad, realizada en el Instituto Tecnol\u00f3gico de Santo Domingo.\u00a0Ocup\u00f3 varios puestos en el Instituto Dominicano de las Telecomunicaciones (INDOTEL), \u00f3rgano regulador de dicho sector en la Rep\u00fablica Dominicana, asumiendo roles como profesional de TI, en la Direcci\u00f3n de Tecnolog\u00edas de la Informaci\u00f3n y Comunicaci\u00f3n de dicha entidad, tambi\u00e9n ocup\u00f3 el cargo de Ingeniera Especialista en la Direcci\u00f3n de Regulaci\u00f3n de las Telecomunicaciones y Defensa de la Competencia y por \u00faltimo asumi\u00f3 como Ingeniera del Departamento de Ciberseguridad, Comercio Electr\u00f3nico y Firma Digital. Ha trabajado como coordinadora de Ciberseguridad en otras entidades del sector privado y actualmente ocupa el cargo de Secretaria Ejecutiva en la Comisi\u00f3n T\u00e9cnica Regional de Telecomunicaciones, organismo especializado del Sistema de Integraci\u00f3n Centroamericano (SICA).\u200b\u200b \u200b<\/p>\n<\/div><\/blockquote>\n<\/div>            <\/div>\n                                                <div data-span=\"3\">\n                    <div class=\"ituContainer\">\n<div class=\"wp-block-columns is-layout-flex wp-container-core-columns-is-layout-8f761849 wp-block-columns-is-layout-flex\"><div class=\"ituContainer\">\n<div class=\"wp-block-column is-layout-flow wp-block-column-is-layout-flow\" style=\"flex-basis:100px\"><div class=\"wp-block-image\"><div class=\"ituContainer\">\n<figure class=\"aligncenter size-full is-resized\"><img loading=\"lazy\" decoding=\"async\" width=\"96\" height=\"96\" src=\"https:\/\/www.itu.int\/cities\/wp-content\/uploads\/2023\/07\/organization-2.jpg\" alt=\"\" class=\"wp-image-1460\" style=\"width:74px;height:74px\"\/><figcaption class=\"wp-element-caption\"><strong>Affiliation<\/strong><\/figcaption><\/figure>\n<\/div><\/div><\/div>\n<\/div>\n\n<div class=\"ituContainer\">\n<div class=\"wp-block-column is-vertically-aligned-center is-layout-flow wp-block-column-is-layout-flow\"><div class=\"ituContainer\">\n<p class=\"has-text-align-left wp-block-paragraph\"><strong><strong><strong><strong><strong>Comisi\u00f3n T\u00e9cnica Regional de Telecomunicaciones \u200b (COMTELCA)<\/strong><\/strong><\/strong><\/strong><\/strong><\/p>\n<\/div><\/div>\n<\/div><\/div>\n<\/div>                    <div class=\"ituContainer\">\n<div class=\"wp-block-columns is-layout-flex wp-container-core-columns-is-layout-8f761849 wp-block-columns-is-layout-flex\"><div class=\"ituContainer\">\n<div class=\"wp-block-column is-vertically-aligned-center is-layout-flow wp-block-column-is-layout-flow\" style=\"flex-basis:100px\"><div class=\"wp-block-image\"><div class=\"ituContainer\">\n<figure class=\"aligncenter size-full is-resized\"><img loading=\"lazy\" decoding=\"async\" width=\"96\" height=\"96\" src=\"https:\/\/www.itu.int\/cities\/wp-content\/uploads\/2023\/07\/Affliation-1.jpg\" alt=\"\" class=\"wp-image-1459\" style=\"width:72px;height:72px\"\/><figcaption class=\"wp-element-caption\"><strong>Profession<\/strong><\/figcaption><\/figure>\n<\/div><\/div><\/div>\n<\/div>\n\n<div class=\"ituContainer\">\n<div class=\"wp-block-column is-vertically-aligned-center is-layout-flow wp-block-column-is-layout-flow\"><div class=\"ituContainer\">\n<p class=\"has-text-align-left wp-block-paragraph\"><strong><strong><strong><strong><strong>Secretaria Ejecutiva<\/strong><\/strong><\/strong><\/strong><\/strong><\/p>\n<\/div><\/div>\n<\/div><\/div>\n<\/div>            <\/div>\n                    <\/div>\n    <\/section>\n\n\n<div class=\"ituContainer\">\n<p class=\"wp-block-paragraph\"><a href=\"https:\/\/www.itu.int\/cities\/?page_id=1462\" data-type=\"URL\" data-id=\"standards4dt\"><strong>See all speakers &gt;<\/strong><\/a><\/p>\n<\/div><\/div>\n<\/div><\/div>\n<\/div>                    <\/div>\n    <\/div>\n","protected":false},"excerpt":{"rendered":"","protected":false},"author":10,"featured_media":0,"parent":234,"menu_order":0,"comment_status":"closed","ping_status":"closed","template":"","meta":{"_crdt_document":"","footnotes":""},"class_list":["post-1532","page","type-page","status-publish","hentry"],"featured_image_src":null,"featured_image_src_square":null,"_links":{"self":[{"href":"https:\/\/www.itu.int\/cities\/wp-json\/wp\/v2\/pages\/1532","targetHints":{"allow":["GET"]}}],"collection":[{"href":"https:\/\/www.itu.int\/cities\/wp-json\/wp\/v2\/pages"}],"about":[{"href":"https:\/\/www.itu.int\/cities\/wp-json\/wp\/v2\/types\/page"}],"author":[{"embeddable":true,"href":"https:\/\/www.itu.int\/cities\/wp-json\/wp\/v2\/users\/10"}],"replies":[{"embeddable":true,"href":"https:\/\/www.itu.int\/cities\/wp-json\/wp\/v2\/comments?post=1532"}],"version-history":[{"count":0,"href":"https:\/\/www.itu.int\/cities\/wp-json\/wp\/v2\/pages\/1532\/revisions"}],"up":[{"embeddable":true,"href":"https:\/\/www.itu.int\/cities\/wp-json\/wp\/v2\/pages\/234"}],"wp:attachment":[{"href":"https:\/\/www.itu.int\/cities\/wp-json\/wp\/v2\/media?parent=1532"}],"curies":[{"name":"wp","href":"https:\/\/api.w.org\/{rel}","templated":true}]}}