{"id":1531,"date":"2023-08-08T12:54:16","date_gmt":"2023-08-08T12:54:16","guid":{"rendered":"https:\/\/www.itu.int\/cities\/?page_id=1531"},"modified":"2025-08-21T08:07:20","modified_gmt":"2025-08-21T08:07:20","slug":"sergio-martinez-s","status":"publish","type":"page","link":"https:\/\/www.itu.int\/cities\/standards4dt\/sergio-martinez-s\/","title":{"rendered":"Sergio Mart\u00ednez"},"content":{"rendered":"    <div class=\"ituContainer grid\">\n        <div data-span=\"12\">\n                            <div class=\"ituContainer\">\n<div class=\"wp-block-columns has-white-background-color has-background is-layout-flex wp-container-core-columns-is-layout-8f761849 wp-block-columns-is-layout-flex\"><div class=\"ituContainer\">\n<div class=\"wp-block-column is-layout-flow wp-block-column-is-layout-flow\">    <section>\n        <div class=\"ituContainer grid\">\n                                                <div data-span=\"3\">\n                    <div class=\"wp-block-image is-style-rounded\"><div class=\"ituContainer\">\n<figure class=\"aligncenter size-full is-resized\"><img loading=\"lazy\" decoding=\"async\" width=\"503\" height=\"511\" src=\"https:\/\/www.itu.int\/cities\/wp-content\/uploads\/2022\/12\/Sergio201.jpg\" alt=\"\" class=\"wp-image-355\" style=\"object-fit:cover;width:200px;height:200px\" srcset=\"https:\/\/www.itu.int\/cities\/wp-content\/uploads\/2022\/12\/Sergio201.jpg 503w, https:\/\/www.itu.int\/cities\/wp-content\/uploads\/2022\/12\/Sergio201-295x300.jpg 295w\" sizes=\"auto, (max-width: 503px) 100vw, 503px\" \/><figcaption class=\"wp-element-caption\"><strong>Sergio Mart\u00ednez<\/strong> <strong>Medina<\/strong><br>Director Ejecutivo de la Comisi\u00f3n de Regulaci\u00f3n de Comunicaciones (CRC)<br><\/figcaption><\/figure>\n<\/div><\/div>            <\/div>\n                                                <div data-span=\"6\">\n                    <div class=\"ituContainer\">\n<blockquote class=\"wp-block-quote is-style-plain is-layout-flow wp-block-quote-is-layout-flow\"><div class=\"ituContainer\">\n<p class=\"has-text-align-left wp-block-paragraph\">Economista de la Universidad de los Andes (1999) con Magister en Estudios Interdisciplinarios sobre Desarrollo de la misma Universidad (2015). Curs\u00f3 un M\u00e1ster en Econom\u00eda y Regulaci\u00f3n de los Servicios P\u00fablicos en la Universidad de Barcelona (Espa\u00f1a), a trav\u00e9s de una Beca de la Fundaci\u00f3n Carolina (2007). As\u00ed mismo, cuenta con dos Especializaciones en la Universidad de los Andes, en Evaluaci\u00f3n Social de Proyectos (2005) y en Econom\u00eda del Riesgo y la Informaci\u00f3n (2006). El Comisionado Mart\u00ednez tiene 18 a\u00f1os de experiencia en el dise\u00f1o e implementaci\u00f3n de pol\u00edticas p\u00fablicas y regulatorias en servicios p\u00fablicos de red, iniciando su experiencia laboral en la Comisi\u00f3n de Regulaci\u00f3n de Telecomunicaciones. Posteriormente, fue funcionario del Departamento Nacional de Planeaci\u00f3n. Tambi\u00e9n trabaj\u00f3 en distintas empresas del sector privado. En enero de 2016 fue nombrado Alto Consejero Distrital de TIC de la Alcald\u00eda de Bogot\u00e1, siendo responsable de dise\u00f1ar e implementar la pol\u00edtica p\u00fablica digital para dicha ciudad. En octubre de 2019, Mart\u00ednez ocup\u00f3 el primer puesto en el concurso p\u00fablico de m\u00e9ritos desarrollado por el Departamento Administrativo de la Funci\u00f3n P\u00fablica para la selecci\u00f3n de Comisionado con el perfil de economista para conformar la Sesi\u00f3n de Comisi\u00f3n de Comunicaciones de la CRC. El 12 de noviembre de 2019 fue nombrado, por el Presidente de la Rep\u00fablica Iv\u00e1n Duque M\u00e1rquez, como Comisionado de la Sesi\u00f3n de Comisi\u00f3n de Comunicaciones. \u200b<\/p>\n<\/div><\/blockquote>\n<\/div>            <\/div>\n                                                <div data-span=\"3\">\n                    <div class=\"ituContainer\">\n<div class=\"wp-block-columns is-layout-flex wp-container-core-columns-is-layout-8f761849 wp-block-columns-is-layout-flex\"><div class=\"ituContainer\">\n<div class=\"wp-block-column is-layout-flow wp-block-column-is-layout-flow\" style=\"flex-basis:100px\"><div class=\"wp-block-image\"><div class=\"ituContainer\">\n<figure class=\"aligncenter size-full is-resized\"><img loading=\"lazy\" decoding=\"async\" width=\"96\" height=\"96\" src=\"https:\/\/www.itu.int\/cities\/wp-content\/uploads\/2023\/07\/organization-2.jpg\" alt=\"\" class=\"wp-image-1460\" style=\"width:74px;height:74px\"\/><figcaption class=\"wp-element-caption\"><strong>Affiliation<\/strong><\/figcaption><\/figure>\n<\/div><\/div><\/div>\n<\/div>\n\n<div class=\"ituContainer\">\n<div class=\"wp-block-column is-vertically-aligned-center is-layout-flow wp-block-column-is-layout-flow\"><div class=\"ituContainer\">\n<p class=\"has-text-align-left wp-block-paragraph\"><strong><strong><strong><strong><strong>Comisi\u00f3n de Regulaci\u00f3n de Comunicaciones (CRC)<\/strong><\/strong><\/strong><\/strong><\/strong><\/p>\n<\/div><\/div>\n<\/div><\/div>\n<\/div>                    <div class=\"ituContainer\">\n<div class=\"wp-block-columns is-layout-flex wp-container-core-columns-is-layout-8f761849 wp-block-columns-is-layout-flex\"><div class=\"ituContainer\">\n<div class=\"wp-block-column is-vertically-aligned-center is-layout-flow wp-block-column-is-layout-flow\" style=\"flex-basis:100px\"><div class=\"wp-block-image\"><div class=\"ituContainer\">\n<figure class=\"aligncenter size-full is-resized\"><img loading=\"lazy\" decoding=\"async\" width=\"96\" height=\"96\" src=\"https:\/\/www.itu.int\/cities\/wp-content\/uploads\/2023\/07\/Affliation-1.jpg\" alt=\"\" class=\"wp-image-1459\" style=\"width:72px;height:72px\"\/><figcaption class=\"wp-element-caption\"><strong>Profession<\/strong><\/figcaption><\/figure>\n<\/div><\/div><\/div>\n<\/div>\n\n<div class=\"ituContainer\">\n<div class=\"wp-block-column is-vertically-aligned-center is-layout-flow wp-block-column-is-layout-flow\"><div class=\"ituContainer\">\n<p class=\"has-text-align-left wp-block-paragraph\"><strong><strong><strong><strong><strong>Director Ejecutivo<\/strong><\/strong><\/strong><\/strong><\/strong><\/p>\n<\/div><\/div>\n<\/div><\/div>\n<\/div>            <\/div>\n                    <\/div>\n    <\/section>\n\n\n<div class=\"ituContainer\">\n<p class=\"wp-block-paragraph\"><a href=\"https:\/\/www.itu.int\/cities\/?page_id=1462\" data-type=\"URL\" data-id=\"standards4dt\"><strong>See all speakers &gt;<\/strong><\/a><\/p>\n<\/div><\/div>\n<\/div><\/div>\n<\/div>                    <\/div>\n    <\/div>\n","protected":false},"excerpt":{"rendered":"","protected":false},"author":10,"featured_media":0,"parent":234,"menu_order":0,"comment_status":"closed","ping_status":"closed","template":"","meta":{"_crdt_document":"","footnotes":""},"class_list":["post-1531","page","type-page","status-publish","hentry"],"featured_image_src":null,"featured_image_src_square":null,"_links":{"self":[{"href":"https:\/\/www.itu.int\/cities\/wp-json\/wp\/v2\/pages\/1531","targetHints":{"allow":["GET"]}}],"collection":[{"href":"https:\/\/www.itu.int\/cities\/wp-json\/wp\/v2\/pages"}],"about":[{"href":"https:\/\/www.itu.int\/cities\/wp-json\/wp\/v2\/types\/page"}],"author":[{"embeddable":true,"href":"https:\/\/www.itu.int\/cities\/wp-json\/wp\/v2\/users\/10"}],"replies":[{"embeddable":true,"href":"https:\/\/www.itu.int\/cities\/wp-json\/wp\/v2\/comments?post=1531"}],"version-history":[{"count":0,"href":"https:\/\/www.itu.int\/cities\/wp-json\/wp\/v2\/pages\/1531\/revisions"}],"up":[{"embeddable":true,"href":"https:\/\/www.itu.int\/cities\/wp-json\/wp\/v2\/pages\/234"}],"wp:attachment":[{"href":"https:\/\/www.itu.int\/cities\/wp-json\/wp\/v2\/media?parent=1531"}],"curies":[{"name":"wp","href":"https:\/\/api.w.org\/{rel}","templated":true}]}}