{"id":1528,"date":"2023-08-08T12:10:02","date_gmt":"2023-08-08T12:10:02","guid":{"rendered":"https:\/\/www.itu.int\/cities\/?page_id=1528"},"modified":"2025-08-20T09:23:02","modified_gmt":"2025-08-20T09:23:02","slug":"gustavo-giannattasio-s","status":"publish","type":"page","link":"https:\/\/www.itu.int\/cities\/standards4dt\/gustavo-giannattasio-s\/","title":{"rendered":"Gustavo Giannattasio"},"content":{"rendered":"    <div class=\"ituContainer grid\">\n        <div data-span=\"12\">\n                            <div class=\"ituContainer\">\n<div class=\"wp-block-columns has-white-background-color has-background is-layout-flex wp-container-core-columns-is-layout-8f761849 wp-block-columns-is-layout-flex\"><div class=\"ituContainer\">\n<div class=\"wp-block-column is-layout-flow wp-block-column-is-layout-flow\">    <section>\n        <div class=\"ituContainer grid\">\n                                                <div data-span=\"3\">\n                    <div class=\"wp-block-image is-style-rounded\"><div class=\"ituContainer\">\n<figure class=\"aligncenter size-full is-resized\"><img loading=\"lazy\" decoding=\"async\" width=\"474\" height=\"474\" src=\"https:\/\/www.itu.int\/cities\/wp-content\/uploads\/2023\/08\/Gustavo-Giannattasio.png\" alt=\"\" class=\"wp-image-1703\" style=\"width:200px;height:200px\" srcset=\"https:\/\/www.itu.int\/cities\/wp-content\/uploads\/2023\/08\/Gustavo-Giannattasio.png 474w, https:\/\/www.itu.int\/cities\/wp-content\/uploads\/2023\/08\/Gustavo-Giannattasio-300x300.png 300w, https:\/\/www.itu.int\/cities\/wp-content\/uploads\/2023\/08\/Gustavo-Giannattasio-150x150.png 150w\" sizes=\"auto, (max-width: 474px) 100vw, 474px\" \/><figcaption class=\"wp-element-caption\"><strong><strong><strong><strong>Gustavo Giannattasio<\/strong><\/strong><\/strong><\/strong><br>Presidente del Cap\u00edtulo Uruguay del IEEE \u200b<br><\/figcaption><\/figure>\n<\/div><\/div>            <\/div>\n                                                <div data-span=\"6\">\n                    <div class=\"ituContainer\">\n<blockquote class=\"wp-block-quote is-style-plain is-layout-flow wp-block-quote-is-layout-flow\"><div class=\"ituContainer\">\n<p class=\"has-text-align-left wp-block-paragraph\">Gustavo Giannattasio es Vicepresidente del Comit\u00e9 de Educaci\u00f3n de Ciudades Inteligentes de IEEE y consultor de Industria 4.0 formado por Instituto Nacional de Tecnolog\u00eda Industrial INTI Argentina.\u00a0Asimismo, Gustavo es miembro activo de la Junta de Gobernadores 2020-2021 de la IEEE Technology and Engineering Management Society. Es tambi\u00e9n miembro del Comit\u00e9 Editorial del Est\u00e1ndar de Tecnolog\u00eda y Planificaci\u00f3n de Ciudades Inteligentes P2784 y miembro del Comit\u00e9 de estandarizaci\u00f3n de IEEE IoT. Gustavo Giannattasio curs\u00f3 estudios de Ingenier\u00eda de Telecomunicaci\u00f3n en la Universidad UDLAR Uruguay. Adem\u00e1s realiz\u00f3 un MBA en la Universidad Cat\u00f3lica Uruguay, y cuenta con una certificaci\u00f3n PMP.Gustavo ha participado como experto invitado a la iniciativa Unidos por ciudades inteligentes y sostenibles (U4SSC). Igualmente \u200bha participado como orador IEEE Sociedad de Comunicaciones y Sociedad de Gesti\u00f3n Tecnol\u00f3gica Cap\u00edtulo Uruguay.<\/p>\n<\/div><\/blockquote>\n<\/div>            <\/div>\n                                                <div data-span=\"3\">\n                    <div class=\"ituContainer\">\n<div class=\"wp-block-columns is-layout-flex wp-container-core-columns-is-layout-8f761849 wp-block-columns-is-layout-flex\"><div class=\"ituContainer\">\n<div class=\"wp-block-column is-layout-flow wp-block-column-is-layout-flow\" style=\"flex-basis:100px\"><div class=\"wp-block-image\"><div class=\"ituContainer\">\n<figure class=\"aligncenter size-full is-resized\"><img loading=\"lazy\" decoding=\"async\" width=\"96\" height=\"96\" src=\"https:\/\/www.itu.int\/cities\/wp-content\/uploads\/2023\/07\/organization-2.jpg\" alt=\"\" class=\"wp-image-1460\" style=\"width:74px;height:74px\"\/><figcaption class=\"wp-element-caption\"><strong>Affiliation<\/strong><\/figcaption><\/figure>\n<\/div><\/div><\/div>\n<\/div>\n\n<div class=\"ituContainer\">\n<div class=\"wp-block-column is-vertically-aligned-center is-layout-flow wp-block-column-is-layout-flow\"><div class=\"ituContainer\">\n<p class=\"has-text-align-left wp-block-paragraph\"><strong><strong>Institute of Electrical and Electronics Engineers (IEEE)<\/strong><\/strong><\/p>\n<\/div><\/div>\n<\/div><\/div>\n<\/div>                    <div class=\"ituContainer\">\n<div class=\"wp-block-columns is-layout-flex wp-container-core-columns-is-layout-8f761849 wp-block-columns-is-layout-flex\"><div class=\"ituContainer\">\n<div class=\"wp-block-column is-vertically-aligned-center is-layout-flow wp-block-column-is-layout-flow\" style=\"flex-basis:100px\"><div class=\"wp-block-image\"><div class=\"ituContainer\">\n<figure class=\"aligncenter size-full is-resized\"><img loading=\"lazy\" decoding=\"async\" width=\"96\" height=\"96\" src=\"https:\/\/www.itu.int\/cities\/wp-content\/uploads\/2023\/07\/Affliation-1.jpg\" alt=\"\" class=\"wp-image-1459\" style=\"width:72px;height:72px\"\/><figcaption class=\"wp-element-caption\"><strong>Profession<\/strong><\/figcaption><\/figure>\n<\/div><\/div><\/div>\n<\/div>\n\n<div class=\"ituContainer\">\n<div class=\"wp-block-column is-vertically-aligned-center is-layout-flow wp-block-column-is-layout-flow\"><div class=\"ituContainer\">\n<p class=\"has-text-align-left wp-block-paragraph\"><strong><strong>Presidente del Cap\u00edtulo Uruguay<\/strong><\/strong><\/p>\n<\/div><\/div>\n<\/div><\/div>\n<\/div>            <\/div>\n                    <\/div>\n    <\/section>\n\n\n<div class=\"ituContainer\">\n<p class=\"wp-block-paragraph\"><a href=\"https:\/\/www.itu.int\/cities\/?page_id=1462\" data-type=\"URL\" data-id=\"standards4dt\"><strong>See all speakers &gt;<\/strong><\/a><\/p>\n<\/div><\/div>\n<\/div><\/div>\n<\/div>                    <\/div>\n    <\/div>\n","protected":false},"excerpt":{"rendered":"","protected":false},"author":10,"featured_media":0,"parent":234,"menu_order":0,"comment_status":"closed","ping_status":"closed","template":"","meta":{"_crdt_document":"","footnotes":""},"class_list":["post-1528","page","type-page","status-publish","hentry"],"featured_image_src":null,"featured_image_src_square":null,"_links":{"self":[{"href":"https:\/\/www.itu.int\/cities\/wp-json\/wp\/v2\/pages\/1528","targetHints":{"allow":["GET"]}}],"collection":[{"href":"https:\/\/www.itu.int\/cities\/wp-json\/wp\/v2\/pages"}],"about":[{"href":"https:\/\/www.itu.int\/cities\/wp-json\/wp\/v2\/types\/page"}],"author":[{"embeddable":true,"href":"https:\/\/www.itu.int\/cities\/wp-json\/wp\/v2\/users\/10"}],"replies":[{"embeddable":true,"href":"https:\/\/www.itu.int\/cities\/wp-json\/wp\/v2\/comments?post=1528"}],"version-history":[{"count":0,"href":"https:\/\/www.itu.int\/cities\/wp-json\/wp\/v2\/pages\/1528\/revisions"}],"up":[{"embeddable":true,"href":"https:\/\/www.itu.int\/cities\/wp-json\/wp\/v2\/pages\/234"}],"wp:attachment":[{"href":"https:\/\/www.itu.int\/cities\/wp-json\/wp\/v2\/media?parent=1528"}],"curies":[{"name":"wp","href":"https:\/\/api.w.org\/{rel}","templated":true}]}}