{"id":1526,"date":"2023-08-08T12:40:24","date_gmt":"2023-08-08T12:40:24","guid":{"rendered":"https:\/\/www.itu.int\/cities\/?page_id=1526"},"modified":"2025-08-20T09:44:37","modified_gmt":"2025-08-20T09:44:37","slug":"alejandro-herrera-s","status":"publish","type":"page","link":"https:\/\/www.itu.int\/cities\/standards4dt\/alejandro-herrera-s\/","title":{"rendered":"Alejandro Herrera"},"content":{"rendered":"    <div class=\"ituContainer grid\">\n        <div data-span=\"12\">\n                            <div class=\"ituContainer\">\n<div class=\"wp-block-columns has-white-background-color has-background is-layout-flex wp-container-core-columns-is-layout-8f761849 wp-block-columns-is-layout-flex\"><div class=\"ituContainer\">\n<div class=\"wp-block-column is-layout-flow wp-block-column-is-layout-flow\">    <section>\n        <div class=\"ituContainer grid\">\n                                                <div data-span=\"3\">\n                    <div class=\"wp-block-image is-style-rounded\"><div class=\"ituContainer\">\n<figure class=\"aligncenter size-full is-resized\"><img loading=\"lazy\" decoding=\"async\" width=\"726\" height=\"726\" src=\"https:\/\/www.itu.int\/cities\/wp-content\/uploads\/2022\/12\/Alejandro_Herrera-e1690788261487.jpg\" alt=\"\" class=\"wp-image-350\" style=\"width:200px;height:200px\" srcset=\"https:\/\/www.itu.int\/cities\/wp-content\/uploads\/2022\/12\/Alejandro_Herrera-e1690788261487.jpg 726w, https:\/\/www.itu.int\/cities\/wp-content\/uploads\/2022\/12\/Alejandro_Herrera-e1690788261487-300x300.jpg 300w, https:\/\/www.itu.int\/cities\/wp-content\/uploads\/2022\/12\/Alejandro_Herrera-e1690788261487-150x150.jpg 150w, https:\/\/www.itu.int\/cities\/wp-content\/uploads\/2022\/12\/Alejandro_Herrera-e1690788261487-600x600.jpg 600w\" sizes=\"auto, (max-width: 726px) 100vw, 726px\" \/><figcaption class=\"wp-element-caption\"><strong>Alejandro Herrera<\/strong><br>Director Nacional de Telecomunicaciones, ASEP, Panam\u00e1\u200b<\/figcaption><\/figure>\n<\/div><\/div>            <\/div>\n                                                <div data-span=\"6\">\n                    <div class=\"ituContainer\">\n<blockquote class=\"wp-block-quote is-style-plain is-layout-flow wp-block-quote-is-layout-flow\"><div class=\"ituContainer\">\n<p class=\"has-text-align-left wp-block-paragraph\">Alejandro Herrera es Director Nacional de Telecomunicaciones en la Autoridad Nacional de los Servicios P\u00fablicos de la Republica de Panam\u00e1 la cual tiene como finalidad regular, ordenar, fiscalizar y reglamentar la operaci\u00f3n y administraci\u00f3n de los servicios de telecomunicaciones, los de radio y televisi\u00f3n, as\u00ed como el espectro radioel\u00e9ctrico; y se manifiesta a trav\u00e9s de las resoluciones que dicta de conformidad a las disposiciones legales que regulan la materia. La Direcci\u00f3n Nacional de Telecomunicaciones cuenta bajo su cargo con la Sub-Direcci\u00f3n de Radio, Televisi\u00f3n y Administraci\u00f3n del Espectro Radioel\u00e9ctrico conformada por: Gesti\u00f3n del Espectro, Planificaci\u00f3n e Ingenier\u00eda, Radio y Televisi\u00f3n; la Sub-Direcci\u00f3n de Redes conformada por los departamentos: Estrategias Reguladoras, Portabilidad Num\u00e9rica, Fiscalizaci\u00f3n y Control, Ingenier\u00eda y Planta Externa; la Unidad de An\u00e1lisis Econ\u00f3mico y Financiero y la Unidad de Atenci\u00f3n a los Concesionarios. Egresado de la Universidad Latina de Panam\u00e1 como Ingeniero en Telecomunicaciones y con Maestr\u00eda en Alta Gerencia y Maestr\u00eda en Ingenier\u00eda en Telecomunicaciones con \u00c9nfasis en Redes y Servicios, ha laborado en empresas de Telecomunicaciones como Cable &amp; Wireless Panam\u00e1, S.A., y Digicel (Panam\u00e1), S.A., por lo que cuenta con m\u00e1s de diez (10) a\u00f1os de experiencia en el \u00e1rea t\u00e9cnica y regulatoria en materia de telecomunicaciones.\u200b<\/p>\n<\/div><\/blockquote>\n<\/div>            <\/div>\n                                                <div data-span=\"3\">\n                    <div class=\"ituContainer\">\n<div class=\"wp-block-columns is-layout-flex wp-container-core-columns-is-layout-8f761849 wp-block-columns-is-layout-flex\"><div class=\"ituContainer\">\n<div class=\"wp-block-column is-layout-flow wp-block-column-is-layout-flow\" style=\"flex-basis:100px\"><div class=\"wp-block-image\"><div class=\"ituContainer\">\n<figure class=\"aligncenter size-full is-resized\"><img loading=\"lazy\" decoding=\"async\" width=\"96\" height=\"96\" src=\"https:\/\/www.itu.int\/cities\/wp-content\/uploads\/2023\/07\/organization-2.jpg\" alt=\"\" class=\"wp-image-1460\" style=\"width:74px;height:74px\"\/><figcaption class=\"wp-element-caption\"><strong>Affiliation<\/strong><\/figcaption><\/figure>\n<\/div><\/div><\/div>\n<\/div>\n\n<div class=\"ituContainer\">\n<div class=\"wp-block-column is-vertically-aligned-center is-layout-flow wp-block-column-is-layout-flow\"><div class=\"ituContainer\">\n<p class=\"has-text-align-left wp-block-paragraph\"><strong><strong>Autoridad Nacional de los Servicios P\u00fablicos (ASEP), Panam\u00e1\u200b<\/strong><\/strong><\/p>\n<\/div><\/div>\n<\/div><\/div>\n<\/div>                    <div class=\"ituContainer\">\n<div class=\"wp-block-columns is-layout-flex wp-container-core-columns-is-layout-8f761849 wp-block-columns-is-layout-flex\"><div class=\"ituContainer\">\n<div class=\"wp-block-column is-vertically-aligned-center is-layout-flow wp-block-column-is-layout-flow\" style=\"flex-basis:100px\"><div class=\"wp-block-image\"><div class=\"ituContainer\">\n<figure class=\"aligncenter size-full is-resized\"><img loading=\"lazy\" decoding=\"async\" width=\"96\" height=\"96\" src=\"https:\/\/www.itu.int\/cities\/wp-content\/uploads\/2023\/07\/Affliation-1.jpg\" alt=\"\" class=\"wp-image-1459\" style=\"width:72px;height:72px\"\/><figcaption class=\"wp-element-caption\"><strong>Profession<\/strong><\/figcaption><\/figure>\n<\/div><\/div><\/div>\n<\/div>\n\n<div class=\"ituContainer\">\n<div class=\"wp-block-column is-vertically-aligned-center is-layout-flow wp-block-column-is-layout-flow\"><div class=\"ituContainer\">\n<p class=\"has-text-align-left wp-block-paragraph\"><strong><strong>Director Nacional de Telecomunicaciones<\/strong><\/strong><\/p>\n<\/div><\/div>\n<\/div><\/div>\n<\/div>            <\/div>\n                    <\/div>\n    <\/section>\n\n\n<div class=\"ituContainer\">\n<p class=\"wp-block-paragraph\"><a href=\"https:\/\/www.itu.int\/cities\/?page_id=1462\" data-type=\"URL\" data-id=\"standards4dt\"><strong>See all speakers &gt;<\/strong><\/a><\/p>\n<\/div><\/div>\n<\/div><\/div>\n<\/div>                    <\/div>\n    <\/div>\n","protected":false},"excerpt":{"rendered":"","protected":false},"author":10,"featured_media":0,"parent":234,"menu_order":0,"comment_status":"closed","ping_status":"closed","template":"","meta":{"_crdt_document":"","footnotes":""},"class_list":["post-1526","page","type-page","status-publish","hentry"],"featured_image_src":null,"featured_image_src_square":null,"_links":{"self":[{"href":"https:\/\/www.itu.int\/cities\/wp-json\/wp\/v2\/pages\/1526","targetHints":{"allow":["GET"]}}],"collection":[{"href":"https:\/\/www.itu.int\/cities\/wp-json\/wp\/v2\/pages"}],"about":[{"href":"https:\/\/www.itu.int\/cities\/wp-json\/wp\/v2\/types\/page"}],"author":[{"embeddable":true,"href":"https:\/\/www.itu.int\/cities\/wp-json\/wp\/v2\/users\/10"}],"replies":[{"embeddable":true,"href":"https:\/\/www.itu.int\/cities\/wp-json\/wp\/v2\/comments?post=1526"}],"version-history":[{"count":0,"href":"https:\/\/www.itu.int\/cities\/wp-json\/wp\/v2\/pages\/1526\/revisions"}],"up":[{"embeddable":true,"href":"https:\/\/www.itu.int\/cities\/wp-json\/wp\/v2\/pages\/234"}],"wp:attachment":[{"href":"https:\/\/www.itu.int\/cities\/wp-json\/wp\/v2\/media?parent=1526"}],"curies":[{"name":"wp","href":"https:\/\/api.w.org\/{rel}","templated":true}]}}