{"id":1523,"date":"2023-08-08T12:04:26","date_gmt":"2023-08-08T12:04:26","guid":{"rendered":"https:\/\/www.itu.int\/cities\/?page_id=1523"},"modified":"2025-08-20T08:25:28","modified_gmt":"2025-08-20T08:25:28","slug":"hector-mario-carril-s","status":"publish","type":"page","link":"https:\/\/www.itu.int\/cities\/standards4dt\/hector-mario-carril-s\/","title":{"rendered":"H\u00e9ctor Mario Carril"},"content":{"rendered":"    <div class=\"ituContainer grid\">\n        <div data-span=\"12\">\n                            <div class=\"ituContainer\">\n<div class=\"wp-block-columns has-white-background-color has-background is-layout-flex wp-container-core-columns-is-layout-8f761849 wp-block-columns-is-layout-flex\"><div class=\"ituContainer\">\n<div class=\"wp-block-column is-layout-flow wp-block-column-is-layout-flow\">    <section>\n        <div class=\"ituContainer grid\">\n                                                <div data-span=\"3\">\n                    <div class=\"wp-block-image is-style-rounded\"><div class=\"ituContainer\">\n<figure class=\"aligncenter size-full is-resized\"><img loading=\"lazy\" decoding=\"async\" width=\"300\" height=\"300\" src=\"https:\/\/www.itu.int\/cities\/wp-content\/uploads\/2022\/12\/Hc3a9ctor20Carril-e1690787892858.png\" alt=\"\" class=\"wp-image-349\" style=\"width:200px;height:200px\" srcset=\"https:\/\/www.itu.int\/cities\/wp-content\/uploads\/2022\/12\/Hc3a9ctor20Carril-e1690787892858.png 300w, https:\/\/www.itu.int\/cities\/wp-content\/uploads\/2022\/12\/Hc3a9ctor20Carril-e1690787892858-150x150.png 150w\" sizes=\"auto, (max-width: 300px) 100vw, 300px\" \/><figcaption class=\"wp-element-caption\"><strong><strong>H\u00e9ctor Ma\u200brio Carril<\/strong><\/strong><br>Vicepresidente de la Comisi\u00f3n de Estudio 20, Uni\u00f3n Internacional de Telecomunicaciones<\/figcaption><\/figure>\n<\/div><\/div>            <\/div>\n                                                <div data-span=\"6\">\n                    <div class=\"ituContainer\">\n<blockquote class=\"wp-block-quote is-style-plain is-layout-flow wp-block-quote-is-layout-flow\"><div class=\"ituContainer\">\n<p class=\"has-text-align-left wp-block-paragraph\">H\u00e9ctor Carril es Vicepresidente de la Comisi\u00f3n de Estudio 20, IoT y Ciudades y Comunidades Inteligentes de la Uni\u00f3n Internacional de Telecomunicaciones (UIT). Ingeniero en Telecomunicaciones egresado de la Universidad Nacional de La Plata, con experiencia adquirida en empresas de servicios telecomunicaciones fijo y m\u00f3vil, en empresas proveedoras de equipos, en organismos de regulaci\u00f3n nacional e internacional y c\u00e1maras empresarias.\u00a0Alto conocimiento del negocio de las telecomunicaciones y su regulaci\u00f3n en todas sus facetas con una gran capacidad de negociaci\u00f3n con empresas y gobiernos nacionales de Latinoam\u00e9rica y provinciales y municipales de la Argentina. Amplia experiencia en Organismos Internacionales de Normalizaci\u00f3n. Creador y docente de la c\u00e1tedra \u201cLa UIT y los Organismos Internacionales de TIC\u201d.\u200b\u200b\u200b<\/p>\n<\/div><\/blockquote>\n<\/div>            <\/div>\n                                                <div data-span=\"3\">\n                    <div class=\"ituContainer\">\n<div class=\"wp-block-columns is-layout-flex wp-container-core-columns-is-layout-8f761849 wp-block-columns-is-layout-flex\"><div class=\"ituContainer\">\n<div class=\"wp-block-column is-layout-flow wp-block-column-is-layout-flow\" style=\"flex-basis:100px\"><div class=\"wp-block-image\"><div class=\"ituContainer\">\n<figure class=\"aligncenter size-full is-resized\"><img loading=\"lazy\" decoding=\"async\" width=\"96\" height=\"96\" src=\"https:\/\/www.itu.int\/cities\/wp-content\/uploads\/2023\/07\/organization-2.jpg\" alt=\"\" class=\"wp-image-1460\" style=\"width:74px;height:74px\"\/><figcaption class=\"wp-element-caption\"><strong>Affiliation<\/strong><\/figcaption><\/figure>\n<\/div><\/div><\/div>\n<\/div>\n\n<div class=\"ituContainer\">\n<div class=\"wp-block-column is-vertically-aligned-center is-layout-flow wp-block-column-is-layout-flow\"><div class=\"ituContainer\">\n<p class=\"has-text-align-left wp-block-paragraph\"><strong>Uni\u00f3n Internacional de Telecomunicaciones<\/strong><\/p>\n<\/div><\/div>\n<\/div><\/div>\n<\/div>                    <div class=\"ituContainer\">\n<div class=\"wp-block-columns is-layout-flex wp-container-core-columns-is-layout-8f761849 wp-block-columns-is-layout-flex\"><div class=\"ituContainer\">\n<div class=\"wp-block-column is-vertically-aligned-center is-layout-flow wp-block-column-is-layout-flow\" style=\"flex-basis:100px\"><div class=\"wp-block-image\"><div class=\"ituContainer\">\n<figure class=\"aligncenter size-full is-resized\"><img loading=\"lazy\" decoding=\"async\" width=\"96\" height=\"96\" src=\"https:\/\/www.itu.int\/cities\/wp-content\/uploads\/2023\/07\/Affliation-1.jpg\" alt=\"\" class=\"wp-image-1459\" style=\"width:72px;height:72px\"\/><figcaption class=\"wp-element-caption\"><strong>Profession<\/strong><\/figcaption><\/figure>\n<\/div><\/div><\/div>\n<\/div>\n\n<div class=\"ituContainer\">\n<div class=\"wp-block-column is-vertically-aligned-center is-layout-flow wp-block-column-is-layout-flow\"><div class=\"ituContainer\">\n<p class=\"has-text-align-left wp-block-paragraph\"><strong>Vicepresidente de la Comisi\u00f3n de Estudio 20<\/strong><\/p>\n<\/div><\/div>\n<\/div><\/div>\n<\/div>            <\/div>\n                    <\/div>\n    <\/section>\n\n\n<div class=\"ituContainer\">\n<p class=\"wp-block-paragraph\"><a href=\"https:\/\/www.itu.int\/cities\/?page_id=1462\" data-type=\"URL\" data-id=\"standards4dt\"><strong>See all speakers &gt;<\/strong><\/a><\/p>\n<\/div><\/div>\n<\/div><\/div>\n<\/div>                    <\/div>\n    <\/div>\n","protected":false},"excerpt":{"rendered":"","protected":false},"author":10,"featured_media":0,"parent":234,"menu_order":0,"comment_status":"closed","ping_status":"closed","template":"","meta":{"_crdt_document":"","footnotes":""},"class_list":["post-1523","page","type-page","status-publish","hentry"],"featured_image_src":null,"featured_image_src_square":null,"_links":{"self":[{"href":"https:\/\/www.itu.int\/cities\/wp-json\/wp\/v2\/pages\/1523","targetHints":{"allow":["GET"]}}],"collection":[{"href":"https:\/\/www.itu.int\/cities\/wp-json\/wp\/v2\/pages"}],"about":[{"href":"https:\/\/www.itu.int\/cities\/wp-json\/wp\/v2\/types\/page"}],"author":[{"embeddable":true,"href":"https:\/\/www.itu.int\/cities\/wp-json\/wp\/v2\/users\/10"}],"replies":[{"embeddable":true,"href":"https:\/\/www.itu.int\/cities\/wp-json\/wp\/v2\/comments?post=1523"}],"version-history":[{"count":0,"href":"https:\/\/www.itu.int\/cities\/wp-json\/wp\/v2\/pages\/1523\/revisions"}],"up":[{"embeddable":true,"href":"https:\/\/www.itu.int\/cities\/wp-json\/wp\/v2\/pages\/234"}],"wp:attachment":[{"href":"https:\/\/www.itu.int\/cities\/wp-json\/wp\/v2\/media?parent=1523"}],"curies":[{"name":"wp","href":"https:\/\/api.w.org\/{rel}","templated":true}]}}