{"id":601,"date":"2022-10-13T09:51:13","date_gmt":"2022-10-13T09:51:13","guid":{"rendered":"https:\/\/www.itu.int\/bestofwrs\/home\/"},"modified":"2022-10-13T10:04:23","modified_gmt":"2022-10-13T10:04:23","slug":"home","status":"publish","type":"page","link":"https:\/\/www.itu.int\/bestofwrs\/fr\/","title":{"rendered":"Home"},"content":{"rendered":"<div class=\"ituContainer\">\n<figure class=\"wp-block-video eplus-wrapper\"><video height=\"340\" style=\"aspect-ratio: 1200 \/ 340;\" width=\"1200\" autoplay loop muted poster=\"https:\/\/www.itu.int\/bestofwrs\/wp-content\/uploads\/sites\/15\/2021\/12\/best-of-landing-banner-copie-copie.jpg\" preload=\"auto\" src=\"https:\/\/www.itu.int\/bestofwrs\/wp-content\/uploads\/sites\/15\/2021\/12\/491351_Best-of-WRS-20_Animated-banner-for-website_1200x340-1.mp4\" playsinline><\/video><\/figure>\n<\/div>\n\n<div class=\"ituContainer\">\n<div class=\"wp-block-image\"><figure class=\"alignright size-large is-resized\"><img loading=\"lazy\" decoding=\"async\" src=\"https:\/\/www.itu.int\/bestofwrs\/wp-content\/uploads\/sites\/15\/2021\/12\/itu-wrs20-1-984x1024.jpg\" alt=\"\" class=\"wp-image-27\" width=\"153\" height=\"158\" srcset=\"https:\/\/www.itu.int\/bestofwrs\/wp-content\/uploads\/sites\/15\/2021\/12\/itu-wrs20-1-984x1024.jpg 984w, https:\/\/www.itu.int\/bestofwrs\/wp-content\/uploads\/sites\/15\/2021\/12\/itu-wrs20-1-288x300.jpg 288w, https:\/\/www.itu.int\/bestofwrs\/wp-content\/uploads\/sites\/15\/2021\/12\/itu-wrs20-1-768x799.jpg 768w, https:\/\/www.itu.int\/bestofwrs\/wp-content\/uploads\/sites\/15\/2021\/12\/itu-wrs20-1.jpg 1202w\" sizes=\"auto, (max-width: 153px) 100vw, 153px\" \/><\/figure><\/div>\n<\/div>\n\n<div class=\"ituContainer\">\n<h2 class=\"eplus-swHAhB eplus-wrapper wp-block-heading\" id=\"itu-world-radiocommunication-seminars-wrs\">S\u00e9minaires mondiaux des radiocommunications de l&rsquo;UIT (WRS) <\/h2>\n<\/div>\n\n<div class=\"ituContainer\">\n<p class=\"eplus-7snQSq eplus-wrapper wp-block-paragraph\">Des s\u00e9minaires mondiaux des radiocommunications sont organis\u00e9s tous les deux ans, dans le cadre du programme de renforcement des capacit\u00e9s du Bureau des radiocommunications, afin d&rsquo;aider nos membres \u00e0 renforcer leurs capacit\u00e9s en mati\u00e8re de gestion du spectre et \u00e0 mieux appliquer le R\u00e8glement des radiocommunications.<\/p>\n<\/div>\n\n<div class=\"ituContainer\">\n<p class=\"eplus-cn847b eplus-wrapper wp-block-paragraph\"><strong><a href=\"\/bestofwrs\/fr\/a-propos\/a-propos-des-smr\/\">Lire la suite<\/a><\/strong> ><\/p>\n<\/div>\n\n<div class=\"ituContainer\">\n<h2 class=\"eplus-xgAAYi eplus-wrapper wp-block-heading\" id=\"sessions\">Sessions<\/h2>\n<\/div>\n\n    <section>\n        <div class=\"ituContainer grid\">\n                                                <a class=\"ituCard anim bg hor\" href=\"\/bestofwrs\/fr\/sessions\/presentation-generale\/\" data-span=\"6\" target=\"\">\n        <img decoding=\"async\" class=\"square\" src=\"https:\/\/www.itu.int\/bestofwrs-g\/wp-content\/uploads\/sites\/15\/2021\/12\/best-of-landing-banner-copie-copie.jpg\" alt=\"\" \/>\n        <div class=\"content\">\n            <div class=\"main\">\n                <p class=\"title\">Pr\u00e9sentation g\u00e9n\u00e9rale<\/p>\n\n            <\/div>\n            <div class=\"addInfo\"><\/div>\n        <\/div>\n    <\/a>\n\n                                                <a class=\"ituCard anim bg hor\" href=\"\/bestofwrs\/fr\/sessions\/reglement-des-radiocommunications\/\" data-span=\"6\" target=\"\">\n        <img decoding=\"async\" class=\"square\" src=\"https:\/\/www.itu.int\/bestofwrs-g\/wp-content\/uploads\/sites\/15\/2021\/12\/br-rr-310x160-1.jpg\" alt=\"\" \/>\n        <div class=\"content\">\n            <div class=\"main\">\n                <p class=\"title\">R\u00e8glement des radiocommunications<\/p>\n\n            <\/div>\n            <div class=\"addInfo\"><\/div>\n        <\/div>\n    <\/a>\n\n                                                <a class=\"ituCard anim bg hor\" href=\"\/bestofwrs\/fr\/sessions\/services-de-terre\/\" data-span=\"6\" target=\"\">\n        <img decoding=\"async\" class=\"square\" src=\"https:\/\/www.itu.int\/bestofwrs-g\/wp-content\/uploads\/sites\/15\/2021\/12\/tsd-banner-1024x675-1.jpg\" alt=\"\" \/>\n        <div class=\"content\">\n            <div class=\"main\">\n                <p class=\"title\">Services de terre<\/p>\n\n            <\/div>\n            <div class=\"addInfo\"><\/div>\n        <\/div>\n    <\/a>\n\n                                                <a class=\"ituCard anim bg hor\" href=\"\/bestofwrs\/fr\/sessions\/services-spatiaux\/\" data-span=\"6\" target=\"\">\n        <img decoding=\"async\" class=\"square\" src=\"https:\/\/www.itu.int\/bestofwrs-g\/wp-content\/uploads\/sites\/15\/2021\/12\/satellite-image-shutterstock-ITU-R-backgrounder.jpg\" alt=\"\" \/>\n        <div class=\"content\">\n            <div class=\"main\">\n                <p class=\"title\">Services spatiaux\u200b \u200b\u200b\u200b<\/p>\n\n            <\/div>\n            <div class=\"addInfo\"><\/div>\n        <\/div>\n    <\/a>\n\n                                                <a class=\"ituCard anim bg hor\" href=\"\/bestofwrs\/fr\/sessions\/commissions-detudes\/\" data-span=\"6\" target=\"\">\n        <img decoding=\"async\" class=\"square\" src=\"https:\/\/www.itu.int\/bestofwrs-g\/wp-content\/uploads\/sites\/15\/2021\/12\/44399011990_1f864aa9a4_b.jpg\" alt=\"\" \/>\n        <div class=\"content\">\n            <div class=\"main\">\n                <p class=\"title\">Commissions d&rsquo;\u00e9tudes<\/p>\n\n            <\/div>\n            <div class=\"addInfo\"><\/div>\n        <\/div>\n    <\/a>\n\n                    <\/div>\n    <\/section>\n","protected":false},"excerpt":{"rendered":"<p>S\u00e9minaires mondiaux des radiocommunications de l&rsquo;UIT (WRS) Des s\u00e9minaires mondiaux des radiocommunications sont organis\u00e9s tous les deux ans, dans le cadre du programme de renforcement des capacit\u00e9s du Bureau des radiocommunications, afin d&rsquo;aider nos membres \u00e0 renforcer leurs capacit\u00e9s en mati\u00e8re de gestion du spectre et \u00e0 mieux appliquer le R\u00e8glement des radiocommunications. Lire la [&hellip;]<\/p>\n","protected":false},"author":5,"featured_media":0,"parent":0,"menu_order":0,"comment_status":"closed","ping_status":"closed","template":"","meta":{"_crdt_document":"","_uag_custom_page_level_css":"","footnotes":""},"folder":[],"class_list":["post-601","page","type-page","status-publish","hentry"],"uagb_featured_image_src":{"full":false,"thumbnail":false,"medium":false,"medium_large":false,"large":false,"1536x1536":false,"2048x2048":false,"gs-tiny":false,"xl":false,"xxl":false,"xxxl":false,"xxxxl":false,"xxxxxl":false,"gform-image-choice-sm":false,"gform-image-choice-md":false,"gform-image-choice-lg":false},"uagb_author_info":{"display_name":"mgaillard","author_link":"https:\/\/www.itu.int\/bestofwrs\/fr\/author\/mgaillard\/"},"uagb_comment_info":0,"uagb_excerpt":"S\u00e9minaires mondiaux des radiocommunications de l&rsquo;UIT (WRS) Des s\u00e9minaires mondiaux des radiocommunications sont organis\u00e9s tous les deux ans, dans le cadre du programme de renforcement des capacit\u00e9s du Bureau des radiocommunications, afin d&rsquo;aider nos membres \u00e0 renforcer leurs capacit\u00e9s en mati\u00e8re de gestion du spectre et \u00e0 mieux appliquer le R\u00e8glement des radiocommunications. Lire la\u2026","_links":{"self":[{"href":"https:\/\/www.itu.int\/bestofwrs\/fr\/wp-json\/wp\/v2\/pages\/601","targetHints":{"allow":["GET"]}}],"collection":[{"href":"https:\/\/www.itu.int\/bestofwrs\/fr\/wp-json\/wp\/v2\/pages"}],"about":[{"href":"https:\/\/www.itu.int\/bestofwrs\/fr\/wp-json\/wp\/v2\/types\/page"}],"author":[{"embeddable":true,"href":"https:\/\/www.itu.int\/bestofwrs\/fr\/wp-json\/wp\/v2\/users\/5"}],"replies":[{"embeddable":true,"href":"https:\/\/www.itu.int\/bestofwrs\/fr\/wp-json\/wp\/v2\/comments?post=601"}],"version-history":[{"count":0,"href":"https:\/\/www.itu.int\/bestofwrs\/fr\/wp-json\/wp\/v2\/pages\/601\/revisions"}],"wp:attachment":[{"href":"https:\/\/www.itu.int\/bestofwrs\/fr\/wp-json\/wp\/v2\/media?parent=601"}],"wp:term":[{"taxonomy":"folder","embeddable":true,"href":"https:\/\/www.itu.int\/bestofwrs\/fr\/wp-json\/wp\/v2\/folder?post=601"}],"curies":[{"name":"wp","href":"https:\/\/api.w.org\/{rel}","templated":true}]}}