{"id":597,"date":"2022-10-13T09:45:37","date_gmt":"2022-10-13T09:45:37","guid":{"rendered":"https:\/\/www.itu.int\/bestofwrs\/a-propos\/"},"modified":"2023-11-27T13:44:39","modified_gmt":"2023-11-27T13:44:39","slug":"a-propos","status":"publish","type":"page","link":"https:\/\/www.itu.int\/bestofwrs\/fr\/a-propos\/","title":{"rendered":"\u00c0 propos"},"content":{"rendered":"    <div class=\"ituContainer grid\">\n        <div data-span=\"12\">\n                            <div class=\"ituContainer\">\n<div class=\"wp-block-columns eplus-Xvj4ul eplus-wrapper is-layout-flex wp-container-core-columns-is-layout-8f761849 wp-block-columns-is-layout-flex\"><div class=\"ituContainer\">\n<div class=\"wp-block-column eplus-GkbKLv eplus-wrapper is-layout-flow wp-block-column-is-layout-flow\" style=\"flex-basis:100%\"><div class=\"ituContainer\">\n<h2 class=\"wp-block-heading eplus-mekXOT eplus-wrapper\" id=\"itu-world-radiocommunication-seminars-wrs\">S\u00e9minaires mondiaux des radiocommunications de l&rsquo;UIT (WRS)<\/h2>\n<\/div>\n\n<div class=\"ituContainer\">\n<p class=\"eplus-iw64O2 eplus-wrapper wp-block-paragraph\">Des s\u00e9minaires mondiaux des radiocommunications sont organis\u00e9s tous les deux ans, dans le cadre du programme de renforcement des capacit\u00e9s du Bureau des radiocommunications, afin d&rsquo;aider nos membres \u00e0 renforcer leurs capacit\u00e9s en mati\u00e8re de gestion du spectre et \u00e0 mieux appliquer le R\u00e8glement des radiocommunications.<\/p>\n<\/div>\n\n<div class=\"ituContainer\">\n<p class=\"eplus-MnNMWv eplus-wrapper wp-block-paragraph\" id=\"in-2020the-world-radiocommunication-seminar-wrs-20-was-presented-as-a-two-week-online-event-for-the-first-time-the-seminar-plenary-sessions-were-open-to-everyone-including-entities-that-are-not-members-of-the-radiocommunication-sector-itu-r\">En 2020, le S\u00e9minaire mondial des radiocommunications (WRS-20) a pris la forme d&rsquo;une manifestation en ligne d&rsquo;une dur\u00e9e de deux semaines. Pour la premi\u00e8re fois, la participation aux s\u00e9ance pl\u00e9ni\u00e8res du S\u00e9minaire \u00e9tait ouverte \u00e0 tous, y compris aux entit\u00e9s qui ne sont pas Membres du Secteur des radiocommunications de l&rsquo;UIT (UIT-R). <br><br>Le Bureau des radiocommunications a r\u00e9alis\u00e9 une compilation des \u00ab<strong>Meilleurs moments du s\u00e9minaire WRS-20<\/strong>\u00bb qui rassemble les vid\u00e9os et les pr\u00e9sentations montr\u00e9es au cours du s\u00e9minaire. On y trouve notamment les pr\u00e9sentations consacr\u00e9es \u00e0 l&rsquo;application des dispositions du R\u00e8glement des radiocommunications, les r\u00e9sultats de la Conf\u00e9rence mondiale des radiocommunications de 2019, les activit\u00e9s des d\u00e9partements des services de Terre et des services spatiaux, les travaux des diff\u00e9rentes commissions d&rsquo;\u00e9tudes de l&rsquo;UIT-R, ainsi que les tendances actuelles dans diff\u00e9rents services de radiocommunication. <\/p>\n<\/div>\n\n<div class=\"ituContainer\">\n<p class=\"eplus-68EMer eplus-wrapper wp-block-paragraph\">Si vous n&rsquo;avez pas pu prendre part au s\u00e9minaire de 2020, vous pourrez utiliser les Meilleurs moments du s\u00e9minaire WRS-20 comme une conf\u00e9rence \u00ab\u00e0 la demande\u00bb que vous pouvez visionner comme une s\u00e9rie, lorsque vous le souhaitez. Si vous avez pu participer au WRS-20, vous pourrez retrouverez dans l&rsquo;onglet \u00abBiblioth\u00e8que\u00bb des Meilleurs moments du s\u00e9minaire WRS-20 les sujets, les vid\u00e9os et les pr\u00e9sentations qui vous int\u00e9ressent le plus. Dans les deux cas, nous esp\u00e9rons que vous appr\u00e9cierez la possibilit\u00e9 qui vous est offerte de revivre le WRS-20.  <\/p>\n<\/div>\n\n<div class=\"ituContainer\">\n<h2 class=\"wp-block-heading\" id=\"logos-and-visual-identity\">Logos et identit\u00e9 visuelle<\/h2>\n<\/div>\n\n<div class=\"ituContainer\">\n<p class=\"wp-block-paragraph\"><a href=\"https:\/\/www.itu.int\/bestofwrs\/use-of-logos\/\">Utilisation des logos de l\u2019UIT et de la CMR-23<\/a><\/p>\n<\/div>\n\n<div class=\"ituContainer\">\n<h2 class=\"wp-block-heading\" id=\"memories-of-previous-itu-world-radiocommunication-seminars\">Souvenirs des pr\u00e9c\u00e9dents s\u00e9minaires mondiaux des radiocommunications de l&rsquo;UIT<\/h2>\n<\/div>\n\n<div class=\"ituContainer\">\n<div class=\"wp-block-columns is-layout-flex wp-container-core-columns-is-layout-8f761849 wp-block-columns-is-layout-flex\"><div class=\"ituContainer\">\n<div class=\"wp-block-column is-layout-flow wp-block-column-is-layout-flow\" style=\"flex-basis:500px\"><div class=\"ituContainer\">\n<figure class=\"wp-block-video alignleft eplus-wrapper\"><video height=\"480\" style=\"aspect-ratio: 852 \/ 480;\" width=\"852\" controls src=\"https:\/\/www.itu.int\/bestofwrs\/wp-content\/uploads\/sites\/15\/2022\/01\/S3-WRS-20-closing-slides-low.mp4\"><\/video><\/figure>\n<\/div><\/div>\n<\/div><\/div>\n<\/div><\/div>\n<\/div><\/div>\n<\/div>                    <\/div>\n    <\/div>\n","protected":false},"excerpt":{"rendered":"","protected":false},"author":5,"featured_media":0,"parent":0,"menu_order":0,"comment_status":"closed","ping_status":"closed","template":"","meta":{"_crdt_document":"","_uag_custom_page_level_css":"","footnotes":""},"folder":[],"class_list":["post-597","page","type-page","status-publish","hentry"],"uagb_featured_image_src":{"full":false,"thumbnail":false,"medium":false,"medium_large":false,"large":false,"1536x1536":false,"2048x2048":false,"gs-tiny":false,"xl":false,"xxl":false,"xxxl":false,"xxxxl":false,"xxxxxl":false,"gform-image-choice-sm":false,"gform-image-choice-md":false,"gform-image-choice-lg":false},"uagb_author_info":{"display_name":"mgaillard","author_link":"https:\/\/www.itu.int\/bestofwrs\/fr\/author\/mgaillard\/"},"uagb_comment_info":0,"uagb_excerpt":null,"_links":{"self":[{"href":"https:\/\/www.itu.int\/bestofwrs\/fr\/wp-json\/wp\/v2\/pages\/597","targetHints":{"allow":["GET"]}}],"collection":[{"href":"https:\/\/www.itu.int\/bestofwrs\/fr\/wp-json\/wp\/v2\/pages"}],"about":[{"href":"https:\/\/www.itu.int\/bestofwrs\/fr\/wp-json\/wp\/v2\/types\/page"}],"author":[{"embeddable":true,"href":"https:\/\/www.itu.int\/bestofwrs\/fr\/wp-json\/wp\/v2\/users\/5"}],"replies":[{"embeddable":true,"href":"https:\/\/www.itu.int\/bestofwrs\/fr\/wp-json\/wp\/v2\/comments?post=597"}],"version-history":[{"count":0,"href":"https:\/\/www.itu.int\/bestofwrs\/fr\/wp-json\/wp\/v2\/pages\/597\/revisions"}],"wp:attachment":[{"href":"https:\/\/www.itu.int\/bestofwrs\/fr\/wp-json\/wp\/v2\/media?parent=597"}],"wp:term":[{"taxonomy":"folder","embeddable":true,"href":"https:\/\/www.itu.int\/bestofwrs\/fr\/wp-json\/wp\/v2\/folder?post=597"}],"curies":[{"name":"wp","href":"https:\/\/api.w.org\/{rel}","templated":true}]}}