{"id":557,"date":"2022-10-13T08:26:22","date_gmt":"2022-10-13T08:26:22","guid":{"rendered":"https:\/\/www.itu.int\/bestofwrs\/informacion-general\/"},"modified":"2024-02-23T13:41:46","modified_gmt":"2024-02-23T13:41:46","slug":"informacion-general","status":"publish","type":"page","link":"https:\/\/www.itu.int\/bestofwrs\/es\/informacion-general\/","title":{"rendered":"Informaci\u00f3n general"},"content":{"rendered":"    <div class=\"ituContainer grid\">\n        <div data-span=\"12\">\n                            <div class=\"ituContainer\">\n<div class=\"wp-block-columns eplus-Xvj4ul eplus-wrapper is-layout-flex wp-container-core-columns-is-layout-8f761849 wp-block-columns-is-layout-flex\"><div class=\"ituContainer\">\n<div class=\"wp-block-column eplus-GkbKLv eplus-wrapper is-layout-flow wp-block-column-is-layout-flow\" style=\"flex-basis:100%\"><div class=\"ituContainer\">\n<h2 class=\"wp-block-heading eplus-mekXOT eplus-wrapper\" id=\"itu-world-radiocommunication-seminars-wrs\">Seminarios Mundiales de Radiocomunicaciones (SMR) de la UIT<\/h2>\n<\/div>\n\n<div class=\"ituContainer\">\n<p class=\"eplus-iw64O2 eplus-wrapper wp-block-paragraph\">Los Seminarios Mundiales de Radiocomunicaciones se organizan cada dos a\u00f1os como parte del programa de desarrollo de capacidades de la Oficina de Radiocomunicaciones a fin de ayudar a nuestros Miembros a fortalecer la gesti\u00f3n del espectro y la aplicaci\u00f3n del Reglamento de Radiocomunicaciones.<\/p>\n<\/div>\n\n<div class=\"ituContainer\">\n<p class=\"eplus-MnNMWv eplus-wrapper wp-block-paragraph\" id=\"in-2020the-world-radiocommunication-seminar-wrs-20-was-presented-as-a-two-week-online-event-for-the-first-time-the-seminar-plenary-sessions-were-open-to-everyone-including-entities-that-are-not-members-of-the-radiocommunication-sector-itu-r\">En 2020, el Seminario Mundial de Radiocomunicaciones (SMR-20) se ofreci\u00f3 como un evento en l\u00ednea con una duraci\u00f3n de dos semanas. Por primera vez, las sesiones plenarias del seminario estuvieron abiertas a todo el mundo, incluidas las entidades que no son miembros del Sector de Radiocomunicaciones (UIT-R). <br><br>La Oficina de Radiocomunicaciones ha compilado \u00ab<strong>Lo mejor del SMR-20<\/strong>\u00bb, que es una colecci\u00f3n de los v\u00eddeos y presentaciones realizadas durante el Seminario. Se incluyen presentaciones sobre la aplicaci\u00f3n de las disposiciones del Reglamento de Radiocomunicaciones, los resultados de la Conferencia Mundial de Radiocomunicaciones de 2019, las actividades de los departamentos de servicios terrestres y espaciales, la labor de las diversas Comisiones de Estudio del UIT-R y las tendencias actuales que presentan diversos servicios de radiocomunicaciones. <\/p>\n<\/div>\n\n<div class=\"ituContainer\">\n<p class=\"eplus-68EMer eplus-wrapper wp-block-paragraph\">Si se perdi\u00f3 el seminario de 2020, Lo mejor del SMR-20 se encuentra disponible en formato de conferencia a la carta, que deber\u00e1 consultar en serie, pero a su conveniencia. Si no pudo asistir al SMR-20, la Biblioteca de Lo mejor del SMR-20 le permitir\u00e1 volver a consultar los temas, v\u00eddeos y presentaciones espec\u00edficas que m\u00e1s le intereses. En cualquier caso, esperamos que disfrute de esta repetici\u00f3n del SMR-20.  <\/p>\n<\/div>\n\n<div class=\"ituContainer\">\n<h2 class=\"wp-block-heading\" id=\"logotipos-e-identidad-visual\">Logotipos e identidad visual<\/h2>\n<\/div>\n\n<div class=\"ituContainer\">\n<p class=\"wp-block-paragraph\"><a href=\"https:\/\/www.itu.int\/bestofwrs\/use-of-logo\/\">Uso de logotipos de la UIT y de la SMR-20<\/a><\/p>\n<\/div>\n\n<div class=\"ituContainer\">\n<h2 class=\"wp-block-heading\" id=\"recuerdos-de-seminarios-mundiales-de-radiocomunicaciones-anteriores-de-la-uit\">Recuerdos de Seminarios Mundiales de Radiocomunicaciones anteriores de la UIT<\/h2>\n<\/div>\n\n    <div class=\"ituContainer grid\">\n        <div data-span=\"12\">\n                    <\/div>\n    <\/div>\n\n\n<div class=\"ituContainer\">\n<figure class=\"wp-block-video eplus-wrapper\"><video height=\"480\" style=\"aspect-ratio: 852 \/ 480;\" width=\"852\" controls src=\"https:\/\/www.itu.int\/bestofwrs\/wp-content\/uploads\/sites\/15\/2022\/01\/S3-WRS-20-closing-slides-low.mp4\"><\/video><\/figure>\n<\/div><\/div>\n<\/div><\/div>\n<\/div>                    <\/div>\n    <\/div>\n","protected":false},"excerpt":{"rendered":"","protected":false},"author":5,"featured_media":0,"parent":0,"menu_order":0,"comment_status":"closed","ping_status":"closed","template":"","meta":{"_crdt_document":"","_uag_custom_page_level_css":"","footnotes":""},"folder":[],"class_list":["post-557","page","type-page","status-publish","hentry"],"uagb_featured_image_src":{"full":false,"thumbnail":false,"medium":false,"medium_large":false,"large":false,"1536x1536":false,"2048x2048":false,"gs-tiny":false,"xl":false,"xxl":false,"xxxl":false,"xxxxl":false,"xxxxxl":false,"gform-image-choice-sm":false,"gform-image-choice-md":false,"gform-image-choice-lg":false},"uagb_author_info":{"display_name":"mgaillard","author_link":"https:\/\/www.itu.int\/bestofwrs\/es\/author\/mgaillard\/"},"uagb_comment_info":0,"uagb_excerpt":null,"_links":{"self":[{"href":"https:\/\/www.itu.int\/bestofwrs\/es\/wp-json\/wp\/v2\/pages\/557","targetHints":{"allow":["GET"]}}],"collection":[{"href":"https:\/\/www.itu.int\/bestofwrs\/es\/wp-json\/wp\/v2\/pages"}],"about":[{"href":"https:\/\/www.itu.int\/bestofwrs\/es\/wp-json\/wp\/v2\/types\/page"}],"author":[{"embeddable":true,"href":"https:\/\/www.itu.int\/bestofwrs\/es\/wp-json\/wp\/v2\/users\/5"}],"replies":[{"embeddable":true,"href":"https:\/\/www.itu.int\/bestofwrs\/es\/wp-json\/wp\/v2\/comments?post=557"}],"version-history":[{"count":0,"href":"https:\/\/www.itu.int\/bestofwrs\/es\/wp-json\/wp\/v2\/pages\/557\/revisions"}],"wp:attachment":[{"href":"https:\/\/www.itu.int\/bestofwrs\/es\/wp-json\/wp\/v2\/media?parent=557"}],"wp:term":[{"taxonomy":"folder","embeddable":true,"href":"https:\/\/www.itu.int\/bestofwrs\/es\/wp-json\/wp\/v2\/folder?post=557"}],"curies":[{"name":"wp","href":"https:\/\/api.w.org\/{rel}","templated":true}]}}