{"id":1156,"date":"2024-03-20T13:57:43","date_gmt":"2024-03-20T13:57:43","guid":{"rendered":"https:\/\/www.itu.int\/wmo\/?page_id=1156"},"modified":"2025-02-13T10:22:37","modified_gmt":"2025-02-13T10:22:37","slug":"about","status":"publish","type":"page","link":"https:\/\/www.itu.int\/Global-ITU-WMO\/esdg-24\/about\/","title":{"rendered":"About"},"content":{"rendered":"    <div class=\"ituContainer grid\">\n        <div data-span=\"12\">\n                                <section>\n        <div class=\"ituContainer grid\">\n                                                <div data-span=\"4\">\n                    <div class=\"ituContainer\">\n<h2 class=\"wp-block-heading has-text-align-center uag-hide-desktop uag-hide-tab uag-hide-mob\">Recording<\/h2>\n<\/div>                    <div class=\"ituContainer\">\n<div class=\"ituCard anim\">\n    <div class=\"Recording\">\n    <div class=\"content center\">\n        <div class=\"main\">\n            <img decoding=\"async\"\n                src=\"\/Global-ITU-WMO\/wp-content\/uploads\/sites\/48\/2024\/03\/play.png\"\n                class=\"icon\" alt=\"icon\">\n            <p class=\"title\">Recording<\/p>\n            <p>Audio (MP3)<br><br><\/p>\n        <\/div>\n    <\/div>\n<\/div>      <\/div>\n<\/div>                    \n<div class=\"wp-block-bod-modal-block bod-block-popup align-center\"><span class=\"bod-block-popup-trigger type_selector\" data-selector=\"Recording\"><\/span><div style=\"background-color:rgba(0,0,0,0.36)\" class=\"bod-block-popup-overlay\" data-disabled-overlay-close=\"false\" data-disabled-escape-close=\"false\"><\/div><div role=\"dialog\" aria-modal=\"false\" aria-labelledby=\"\" aria-describedby=\"\" class=\"bod-block-popup-wrap undefined\"><div style=\"background-color:rgba(255,255,255,1);border-radius:10px \" class=\"bod-block-popup size-l\" data-transition=\"fade\"><div id=\"\" style=\"background-color:rgba(229,245,251,1);padding:10px ;text-align:left\" class=\"bod-modal-title\"><button type=\"button\" style=\"font-size:30px \" class=\"bod-block-title-closer\" aria-label=\"Close\"><span aria-hidden=\"true\">\u00d7<\/span><\/button><h2 style=\"color:#000000\">Recording<\/h2><\/div> <div id=\"\" class=\"bod-modal-content\"><div class=\"ituContainer\">\n<h4 class=\"wp-block-heading\">16 September 2024<\/h4>\n<\/div>\n\n<div class=\"ituContainer\">\n<figure class=\"wp-block-audio\"><audio controls src=\"https:\/\/www.itu.int\/net4\/ITU-R\/itu-wmo\/Recorded%20Audio%2016-September-2024%20(trim).mp3\"><\/audio><\/figure>\n<\/div>\n\n<div class=\"ituContainer\">\n<h4 class=\"wp-block-heading\">17 September 2024<\/h4>\n<\/div>\n\n<div class=\"ituContainer\">\n<figure class=\"wp-block-audio\"><audio controls src=\"https:\/\/www.itu.int\/net4\/ITU-R\/itu-wmo\/Recorded%20Audio%2017-September-2024%20(trim).mp3\"><\/audio><\/figure>\n<\/div><\/div> <\/div> <\/div><\/div>\n            <\/div>\n                                                        <a class=\"ituCard anim\" data-span=\"4\" href=\"\/Global-ITU-WMO\/esdg-24\/media-centre\/photo-gallery\/\" >\n                    <div class=\"content center\">\n                <div class=\"main\">\n                    <img decoding=\"async\" src=\"https:\/\/www.itu.int\/Global-ITU-WMO\/wp-content\/uploads\/sites\/48\/2024\/03\/camera.png\" class=\"icon\" alt=\"icon\" \/>\n                                            <p class=\"title\">Photo Gallery<\/p>\n                                                            <p><\/p>\n                                    <\/div>\n            <\/div>\n                    <\/a>\n    \n                                                <div data-span=\"4\">\n                    \n<div class=\"wp-block-uagb-image uagb-block-fa9535bb wp-block-uagb-image--layout-default wp-block-uagb-image--effect-zoomin wp-block-uagb-image--align-none\"><figure class=\"wp-block-uagb-image__figure\"><a class=\"\" href=\"\/Global-ITU-WMO\/esdg-24\/media-centre\/photo-gallery\/\" target=\"\" rel=\"noopener\"><img decoding=\"async\"  sizes=\"auto, (max-width: 480px) 150px\" src=\"https:\/\/www.itu.int\/Global-ITU-WMO\/wp-content\/uploads\/sites\/48\/2024\/09\/OKAG0859-1024x768.jpg\" alt=\"\" width=\"450\" height=\"768\" title=\"\" loading=\"lazy\" role=\"img\"\/><\/a><\/figure><\/div>\n            <\/div>\n                    <\/div>\n    <\/section>\n                                <section>\n        <div class=\"ituContainer grid\">\n                                                        <a class=\"ituCard anim\" data-span=\"4\" href=\"https:\/\/itu.int\/en\/ITU-R\/seminars\/Global-ITU-WMO\/Documents\/R00-CA-CIR-0275!!MSW-E.docx\" target='blank' rel='noreferrer noopener'>\n                    <div class=\"content center\">\n                <div class=\"main\">\n                    <img decoding=\"async\" src=\"https:\/\/www.itu.int\/Global-ITU-WMO\/wp-content\/uploads\/sites\/48\/2024\/03\/Invitations.png\" class=\"icon\" alt=\"icon\" \/>\n                                            <p class=\"title\">Invitation\u200b\u00a0<\/p>\n                                                            <p>CA\/275<\/p>\n                                    <\/div>\n            <\/div>\n                    <\/a>\n    \n                                                        <a class=\"ituCard anim\" data-span=\"4\" href=\"\/Global-ITU-WMO\/esdg-24\/registration\/\" >\n                    <div class=\"content center\">\n                <div class=\"main\">\n                    <img decoding=\"async\" src=\"https:\/\/www.itu.int\/Global-ITU-WMO\/wp-content\/uploads\/sites\/48\/2024\/03\/registration.png\" class=\"icon\" alt=\"icon\" \/>\n                                            <p class=\"title\">Registration<\/p>\n                                                            <p><\/p>\n                                    <\/div>\n            <\/div>\n                    <\/a>\n    \n                                                        <a class=\"ituCard anim\" data-span=\"4\" href=\"https:\/\/itu.int\/en\/ITU-R\/seminars\/Global-ITU-WMO\/Documents\/Practical%20information%20for%20the%20participants%20-%20E.docx\" target='blank' rel='noreferrer noopener'>\n                    <div class=\"content center\">\n                <div class=\"main\">\n                    <img decoding=\"async\" src=\"https:\/\/www.itu.int\/Global-ITU-WMO\/wp-content\/uploads\/sites\/48\/2024\/03\/information.png\" class=\"icon\" alt=\"icon\" \/>\n                                            <p class=\"title\">Practical information<\/p>\n                                                            <p>for participants\u200b\u200b\u200b\u00a0\u200b\u200b\u200b<\/p>\n                                    <\/div>\n            <\/div>\n                    <\/a>\n    \n                    <\/div>\n    <\/section>\n                    <\/div>\n    <\/div>\n\n\n    <div class=\"ituContainer grid\">\n        <div data-span=\"12\">\n                            <div class=\"ituContainer\">\n<h2 class=\"wp-block-heading\" id=\"resources\">Information<\/h2>\n<\/div>                                <section>\n        <div class=\"ituContainer grid\">\n                                                        <a class=\"ituCard anim\" data-span=\"4\" href=\"\/Global-ITU-WMO\/esdg-24\/programme\/\" >\n                    <div class=\"content center\">\n                <div class=\"main\">\n                    <img decoding=\"async\" src=\"https:\/\/www.itu.int\/Global-ITU-WMO\/wp-content\/uploads\/sites\/48\/2024\/03\/side-event.png\" class=\"icon\" alt=\"icon\" \/>\n                                            <p class=\"title\">Programme<\/p>\n                                                            <p>Meeting Sessions<\/p>\n                                    <\/div>\n            <\/div>\n                    <\/a>\n    \n                                                        <a class=\"ituCard anim\" data-span=\"4\" href=\"https:\/\/www.itu.int\/online\/mm\/scripts\/s\/gensel23?_lang=&amp;_includeitustaff=on&amp;_includestaff=on&amp;_event=C-00014163&amp;_event_type=ZSER\" target='blank' rel='noreferrer noopener'>\n                    <div class=\"content center\">\n                <div class=\"main\">\n                    <img decoding=\"async\" src=\"https:\/\/www.itu.int\/Global-ITU-WMO\/wp-content\/uploads\/sites\/48\/2024\/03\/list.png\" class=\"icon\" alt=\"icon\" \/>\n                                            <p class=\"title\">List of Register\u200be\u200bd Participants\u200b\u200b\u200b\u00a0<\/p>\n                                                            <p><\/p>\n                                    <\/div>\n            <\/div>\n                    <\/a>\n    \n                                                        <a class=\"ituCard anim\" data-span=\"4\" href=\"\/Global-ITU-WMO\/contact\/\" >\n                    <div class=\"content center\">\n                <div class=\"main\">\n                    <img decoding=\"async\" src=\"https:\/\/www.itu.int\/Global-ITU-WMO\/wp-content\/uploads\/sites\/48\/2024\/03\/arobase.png\" class=\"icon\" alt=\"icon\" \/>\n                                            <p class=\"title\">Focal Point<\/p>\n                                                            <p>ITU and WMO Contacts<\/p>\n                                    <\/div>\n            <\/div>\n                    <\/a>\n    \n                    <\/div>\n    <\/section>\n                            <div class=\"ituContainer\">\n<h2 class=\"wp-block-heading\">Download Resources<\/h2>\n<\/div>                                <section>\n        <div class=\"ituContainer grid\">\n                                                        <a class=\"ituCard anim\" data-span=\"4\" href=\"https:\/\/itu.int\/en\/ITU-R\/seminars\/Global-ITU-WMO\/Documents\/background%20paper-final_E.pdf\" >\n                    <div class=\"content center\">\n                <div class=\"main\">\n                    <img decoding=\"async\" src=\"https:\/\/www.itu.int\/Global-ITU-WMO\/wp-content\/uploads\/sites\/48\/2024\/03\/document.png\" class=\"icon\" alt=\"icon\" \/>\n                                            <p class=\"title\">Background Paper<\/p>\n                                                            <p><\/p>\n                                    <\/div>\n            <\/div>\n                    <\/a>\n    \n                                                        <a class=\"ituCard anim\" data-span=\"4\" href=\"\/Global-ITU-WMO\/esdg-24\/download-resources\/#presentations\" >\n                    <div class=\"content center\">\n                <div class=\"main\">\n                    <img decoding=\"async\" src=\"https:\/\/www.itu.int\/Global-ITU-WMO\/wp-content\/uploads\/sites\/48\/2024\/03\/file.png\" class=\"icon\" alt=\"icon\" \/>\n                                            <p class=\"title\">Presentations<\/p>\n                                                            <p><\/p>\n                                    <\/div>\n            <\/div>\n                    <\/a>\n    \n                                                        <a class=\"ituCard anim\" data-span=\"4\" href=\"\/Global-ITU-WMO\/visual-concept\/\" >\n                    <div class=\"content center\">\n                <div class=\"main\">\n                    <img decoding=\"async\" src=\"https:\/\/www.itu.int\/Global-ITU-WMO\/wp-content\/uploads\/sites\/48\/2024\/03\/poster.png\" class=\"icon\" alt=\"icon\" \/>\n                                            <p class=\"title\">Visual concept<\/p>\n                                                            <p><\/p>\n                                    <\/div>\n            <\/div>\n                    <\/a>\n    \n                    <\/div>\n    <\/section>\n                    <\/div>\n    <\/div>\n\n\n    <div class=\"ituContainer grid\">\n        <div data-span=\"12\">\n                                <section>\n        <div class=\"ituContainer grid\">\n                    <\/div>\n    <\/section>\n                    <\/div>\n    <\/div>\n\n\n    <div class=\"ituContainer grid\">\n                        <div data-span=\"6\">\n            <\/div>\n                        <div data-span=\"6\">\n            <\/div>\n            <\/div>\n\n\n<div class=\"ituContainer\">\n<style>\n\n.ituCard .content .main .icon {\n    max-width: 80px;\n    width: 80%;\n    margin-bottom: 1rem;\n}\n\n.ituBanner::before {\n    content: \"\";\n    display: block;\n    width: 100%;\n    height: auto; \/* Ajuste selon tes besoins *\/\n    position: absolute;\n    top: 0;\n    left: 0;\n    background-color: #yourColor; \/* Change la couleur selon tes besoins *\/\n    z-index: -1; \/* Assure-toi que le pseudo-\u00e9l\u00e9ment est derri\u00e8re le contenu *\/\n}\n\n.wp-block-uagb-image__figure img { \n    display: flex; \n        justify-content: center;\n        align-items: center;\n        width: 100%;\n    max-height: 222px;\n  object-fit: cover;\n    }\n\n@media only screen and (max-width: 700px){\n  .wp-block-uagb-image__figure img {\n display: flex; \n        justify-content: center;\n        align-items: center;\n        width: 100%;\n  }\n}\n\n\n<\/style>\n<\/div>","protected":false},"excerpt":{"rendered":"","protected":false},"author":5,"featured_media":0,"parent":1155,"menu_order":0,"comment_status":"closed","ping_status":"closed","template":"obsolete-templates\/page-submenu.php","meta":{"_crdt_document":"","_uag_custom_page_level_css":"","footnotes":""},"folder":[28],"class_list":["post-1156","page","type-page","status-publish","hentry"],"uagb_featured_image_src":{"full":false,"thumbnail":false,"medium":false,"medium_large":false,"large":false,"1536x1536":false,"2048x2048":false,"gs-tiny":false,"xl":false,"xxl":false,"xxxl":false,"xxxxl":false,"xxxxxl":false,"gform-image-choice-sm":false,"gform-image-choice-md":false,"gform-image-choice-lg":false},"uagb_author_info":{"display_name":"mgaillard","author_link":"https:\/\/www.itu.int\/Global-ITU-WMO\/author\/mgaillard\/"},"uagb_comment_info":0,"uagb_excerpt":null,"_links":{"self":[{"href":"https:\/\/www.itu.int\/Global-ITU-WMO\/wp-json\/wp\/v2\/pages\/1156","targetHints":{"allow":["GET"]}}],"collection":[{"href":"https:\/\/www.itu.int\/Global-ITU-WMO\/wp-json\/wp\/v2\/pages"}],"about":[{"href":"https:\/\/www.itu.int\/Global-ITU-WMO\/wp-json\/wp\/v2\/types\/page"}],"author":[{"embeddable":true,"href":"https:\/\/www.itu.int\/Global-ITU-WMO\/wp-json\/wp\/v2\/users\/5"}],"replies":[{"embeddable":true,"href":"https:\/\/www.itu.int\/Global-ITU-WMO\/wp-json\/wp\/v2\/comments?post=1156"}],"version-history":[{"count":0,"href":"https:\/\/www.itu.int\/Global-ITU-WMO\/wp-json\/wp\/v2\/pages\/1156\/revisions"}],"up":[{"embeddable":true,"href":"https:\/\/www.itu.int\/Global-ITU-WMO\/wp-json\/wp\/v2\/pages\/1155"}],"wp:attachment":[{"href":"https:\/\/www.itu.int\/Global-ITU-WMO\/wp-json\/wp\/v2\/media?parent=1156"}],"wp:term":[{"taxonomy":"folder","embeddable":true,"href":"https:\/\/www.itu.int\/Global-ITU-WMO\/wp-json\/wp\/v2\/folder?post=1156"}],"curies":[{"name":"wp","href":"https:\/\/api.w.org\/{rel}","templated":true}]}}