{"id":605,"date":"2025-03-20T17:56:21","date_gmt":"2025-03-20T17:56:21","guid":{"rendered":"https:\/\/www.itu.int\/160\/?page_id=605"},"modified":"2025-05-05T14:01:29","modified_gmt":"2025-05-05T14:01:29","slug":"partner-events","status":"publish","type":"page","link":"https:\/\/www.itu.int\/160\/celebrate-with-us\/events\/partner-events\/","title":{"rendered":"ITU160 partner events"},"content":{"rendered":"    <section>\n    <div class=\"text-section\">\n        <div class=\"ituContainer grid\">\n                                        <div class=\"text-section-left\" data-span=\"8\">\n                        <h3 class=\"h5\">\n        ITU members and partners around the world are commemorating ITU160.     <\/h3>\n                        <p>\n        From community events to global campaigns, ITU\u2019s 160th anniversary, which also coincides with <a href=\"https:\/\/www.itu.int\/wtisd\/\">World Telecommunication and Information Society Day (WTISD-25)<\/a>, is being marked by Members and partners worldwide through a wide range of initiatives that reflect their commitment to digital development.<br><br>Explore how Members and partners are joining the #ITU160 and #WTISD milestone, and get inspired to share your own.    <\/p>\n                        <p>\n        <a href=\"https:\/\/www.itu.int\/160\/partner-event-submission-form\/\" class=\"ituBtn\" target=\"_blank\" rel=\"noreferrer noopener\">\n            Submit your event to be featured below!        <\/a>\n    <\/p>\n\n            <\/div>\n                                        <div class=\"text-section-right data-span-override\" data-span=\"4\">\n            <\/div>\n                            <\/div>\n        <\/div>\n    <\/section>\n\n\n<div class=\"ituContainer\">\n<div class=\"wp-block-columns has-white-background-color has-background is-layout-flex wp-container-core-columns-is-layout-9d6595d7 wp-block-columns-is-layout-flex\"><div class=\"ituContainer\">\n<div class=\"wp-block-column is-layout-flow wp-block-column-is-layout-flow\"><div class=\"ituContainer\">\n<div class=\"wp-block-columns is-layout-flex wp-container-core-columns-is-layout-9d6595d7 wp-block-columns-is-layout-flex\"><div class=\"ituContainer\">\n<div class=\"wp-block-column is-layout-flow wp-block-column-is-layout-flow\"><div class=\"ituContainer\">\n<div class=\"wp-block-columns is-layout-flex wp-container-core-columns-is-layout-9d6595d7 wp-block-columns-is-layout-flex\"><div class=\"ituContainer\">\n<div class=\"wp-block-column is-layout-flow wp-block-column-is-layout-flow\">    <div class=\"ituContainer grid\">\n        <div data-span=\"12\">\n                                <div class=\"ituContainer grid\">\n                        <div data-span=\"8\">\n                    <div class=\"ituContainer\"><div id=\"gv-view-601-1\">\t\t<div class=\"gv-grid gv-widgets-header\">\n\t\t\t\t\t\t\t<div class=\"gv-grid-row\">\n\t\t\t\t\t\t\t\t\t<div class=\"gv-grid-col-1-1 gv-left\">\n\t\t\t\t\t\t<div class=\"gv-widget-custom-content \"><h2>\r\nCheck out the ITU160 events by ITU members and partners<br\/><br\/>\r\n<\/h2><\/div>\t\t<div class=\"gv-widget-page-size\">\n\t\t\t<form method=\"get\" action=\"\/160\/wp-json\/wp\/v2\/pages\/605\" onchange=\"this.submit();\">\n\t\t\t\t<div>\n\t\t\t\t\t\t\t\t\t\t<label for=\"gv-page_size\">Page Size<\/label>\n\t\t\t\t\t\t\t\t\t\t<select name=\"page_size\" id=\"gv-page_size\">\n\t\t\t\t\t\t<option value=\"\">Results Per Page<\/option>\n\t\t\t\t\t\t\t\t\t\t\t\t\t<option value='10' selected='selected'>10<\/option>\n\t\t\t\t\t\t\t\t\t\t\t\t\t<option value='25'>25<\/option>\n\t\t\t\t\t\t\t\t\t\t\t\t\t<option value='50'>50<\/option>\n\t\t\t\t\t\t\t\t\t\t\t\t\t<option value='100'>100<\/option>\n\t\t\t\t\t\t\t\t\t\t\t<\/select>\n\t\t\t\t\t<input type=\"submit\" value=\"Submit\" style=\"visibility: hidden; position: absolute;\" \/>\n\t\t\t\t\t\t\t\t\t<\/div>\n\t\t\t<\/form>\n\t\t<\/div>\n\t\t\t\t\t\t\t<\/div>\n\t\t\t\t\t\t\t\t<\/div>\n\t\t\t\t\t\t\t<div class=\"gv-grid-row\">\n\t\t\t\t\t\t\t\t\t<div class=\"gv-grid-col-1-2 left gv-left\">\n\t\t\t\t\t\t<div class=\"gv-widget-pagination \"><p>Displaying 1 - 10 of 14<\/p><\/div>\t\t\t\t\t<\/div>\n\t\t\t\t\t\t\t\t\t<div class=\"gv-grid-col-1-2 right gv-right\">\n\t\t\t\t\t\t<div class=\"gv-widget-page-links\"><ul class='page-numbers'>\n\t<li><span aria-current=\"page\" class=\"page-numbers current\">1<\/span><\/li>\n\t<li><a class=\"page-numbers\" href=\"https:\/\/www.itu.int\/160\/celebrate-with-us\/events\/partner-events\/?pagenum=2\">2<\/a><\/li>\n\t<li><a class=\"next page-numbers\" href=\"https:\/\/www.itu.int\/160\/celebrate-with-us\/events\/partner-events\/?pagenum=2\">&raquo;<\/a><\/li>\n<\/ul>\n<\/div>\t\t\t\t\t<\/div>\n\t\t\t\t\t\t\t\t<\/div>\n\t\t\t\t\t<\/div>\n\n\t\t<div class=\"gv-list-container gv-list-multiple-container gv-container gv-container-601\">\n\t\t\t<div id=\"gv_list_58717\" class=\"gv-list-view\">\n\n\t\t\n\t\t\t<div class=\"gv-list-view-title\">\n\t\t\t\t<h3 class=\"gv-field-1-custom\">\ud83d\udd58 04\/16\/2025 | 09:00 <br\/>\r\nThe Third international Sustainability Week Festival<\/h3>\t\t\t<\/div>\n\t\t\t\t\t\t<div class=\"gv-grid gv-list-view-content\">\n\n\t\t\t\t\t\t\t\t\t\t<div class=\"gv-grid-col-1-3 gv-list-view-content-image\">\n\t\t\t\t\t\t<div id=\"gv-field-1-31\" class=\"gv-field-1-31\"><a class=\"gravityview-fancybox\" href=\"https:\/\/www.itu.int\/160\/index.php?gf-download=2025%2F04%2F5aed9c63-ad03-40bd-a21a-eaa8305fd55a.jpeg&amp;form-id=1&amp;field-id=31&amp;hash=f372ea03b5d3fed048d9fdd3bf45b5fc48c162f48f76680ada55ba6e89d28a4d\" rel=\"gv-field-1-31-58717\"><img decoding=\"async\" src=\"https:\/\/www.itu.int\/160\/index.php?gf-download=2025%2F04%2F5aed9c63-ad03-40bd-a21a-eaa8305fd55a.jpeg&form-id=1&field-id=31&hash=f372ea03b5d3fed048d9fdd3bf45b5fc48c162f48f76680ada55ba6e89d28a4d\" width=\"250\" alt=\"Event graphic\" class=\"gv-image gv-field-id-31\" \/><\/a><\/div>\t\t\t\t\t\t<\/div>\n\t\t\t\t\t\t\t\t\t\t\t\t<div class=\"gv-grid-col-2-3 gv-list-view-content-description\">\n\t\t\t\t\t\t<div id=\"gv-field-1-custom\" class=\"gv-field-1-custom\"><p><strong>Organizer:<\/strong> Al-Mustaqbal University <\/p>\n<p><strong>Description:<\/strong><br \/> From 16 to 24 April 2025<br \/>\nScientific Conference<br \/>\nExhibitions <\/p>\n<p><strong>Format:<\/strong> Hybrid ( on site and remote) <br \/>\n\ud83d\udde3\ufe0f <strong>Language:<\/strong> English <br \/>\n\ud83d\udccd <strong>Location:<\/strong> Iraq<br \/>\n\ud83d\udd17 <strong>Link:<\/strong> https:\/\/uomus.edu.iq\/img\/SustainabilityInvitation25.pdf <\/p>\n<\/div>\t\t\t\t\t\t<\/div>\n\t\t\t\t\t\t\n\t\t\t<\/div>\n\n\t\t\t\n\t\t<\/div>\n\n\t\t\t\t<div id=\"gv_list_58723\" class=\"gv-list-view\">\n\n\t\t\n\t\t\t<div class=\"gv-list-view-title\">\n\t\t\t\t<h3 class=\"gv-field-1-custom\">\ud83d\udd58 04\/24\/2025 | 09:00 <br\/>\r\nA video message from a Bulgarian student at the University of Telecommunications and Posts in Bulgaria dedicated to the Girls in ICT Day 2025<\/h3>\t\t\t<\/div>\n\t\t\t\t\t\t<div class=\"gv-grid gv-list-view-content\">\n\n\t\t\t\t\t\t\t\t\t\t<div class=\"gv-grid-col-1-3 gv-list-view-content-image\">\n\t\t\t\t\t\t<div id=\"gv-field-1-31\" class=\"gv-field-1-31\"><div style=\"width: 640px;\" class=\"wp-video\"><video class=\"wp-video-shortcode gv-video gv-field-id-31\" id=\"video-605-1\" width=\"640\" height=\"360\" preload=\"metadata\" controls=\"controls\"><source type=\"video\/mp4\" src=\"https:\/\/www.itu.int\/160\/index.php?gf-download=2025%2F04%2FVideo.mp4&amp;form-id=1&amp;field-id=31&amp;hash=b53467315ffdb71add279d31fba23b3fb75b113eb202d124a9f050d968f9bca9&_=1\" \/><a href=\"https:\/\/www.itu.int\/160\/index.php?gf-download=2025%2F04%2FVideo.mp4&amp;form-id=1&amp;field-id=31&amp;hash=b53467315ffdb71add279d31fba23b3fb75b113eb202d124a9f050d968f9bca9\">https:\/\/www.itu.int\/160\/index.php?gf-download=2025%2F04%2FVideo.mp4&amp;form-id=1&amp;field-id=31&amp;hash=b53467315ffdb71add279d31fba23b3fb75b113eb202d124a9f050d968f9bca9<\/a><\/video><\/div><\/div>\t\t\t\t\t\t<\/div>\n\t\t\t\t\t\t\t\t\t\t\t\t<div class=\"gv-grid-col-2-3 gv-list-view-content-description\">\n\t\t\t\t\t\t<div id=\"gv-field-1-custom\" class=\"gv-field-1-custom\"><p><strong>Organizer:<\/strong> Ministry of Transport and Communications of the Republic of Bulgaria <\/p>\n<p><strong>Description:<\/strong><br \/> The Ministry of Transport and Communications is marking this year&#039;s Girls in ICT day by inviting girls and women with IT education and professional careers to submit a short video clip showcasing the benefits of working in the field of ICTs. <\/p>\n<p>The video of Silvia Lacheva is an inspiring example of the existing opportunities for girls and women in the world of technology. <\/p>\n<p><strong>Format:<\/strong> Remote <br \/>\n\ud83d\udde3\ufe0f <strong>Language:<\/strong> English <br \/>\n\ud83d\udccd <strong>Location:<\/strong> Bulgaria<br \/>\n\ud83d\udd17 <strong>Link:<\/strong> https:\/\/www.mtc.government.bg\/bg\/category\/341 <\/p>\n<\/div>\t\t\t\t\t\t<\/div>\n\t\t\t\t\t\t\n\t\t\t<\/div>\n\n\t\t\t\n\t\t<\/div>\n\n\t\t\t\t<div id=\"gv_list_58729\" class=\"gv-list-view\">\n\n\t\t\n\t\t\t<div class=\"gv-list-view-title\">\n\t\t\t\t<h3 class=\"gv-field-1-custom\">\ud83d\udd58 04\/24\/2025 | 09:00 <br\/>\r\nNTRC Girls in ICT Day Seminar 2025<\/h3>\t\t\t<\/div>\n\t\t\t\t\t\t<div class=\"gv-grid gv-list-view-content\">\n\n\t\t\t\t\t\t\t\t\t\t<div class=\"gv-grid-col-1-3 gv-list-view-content-image\">\n\t\t\t\t\t\t\t\t\t\t\t\t<\/div>\n\t\t\t\t\t\t\t\t\t\t\t\t<div class=\"gv-grid-col-2-3 gv-list-view-content-description\">\n\t\t\t\t\t\t<div id=\"gv-field-1-custom\" class=\"gv-field-1-custom\"><p><strong>Organizer:<\/strong> National Telecommunication Regulatory Commission <\/p>\n<p><strong>Description:<\/strong><br \/> Hands-on ICT day seminar for girls with robotics &amp; microbit <\/p>\n<p><strong>Format:<\/strong> Onsite <br \/>\n\ud83d\udde3\ufe0f <strong>Language:<\/strong> English <br \/>\n\ud83d\udccd <strong>Location:<\/strong> Saint Vincent and the Grenadines<br \/>\n\ud83d\udd17 <strong>Link:<\/strong> N\/A <\/p>\n<\/div>\t\t\t\t\t\t<\/div>\n\t\t\t\t\t\t\n\t\t\t<\/div>\n\n\t\t\t\n\t\t<\/div>\n\n\t\t\t\t<div id=\"gv_list_58752\" class=\"gv-list-view\">\n\n\t\t\n\t\t\t<div class=\"gv-list-view-title\">\n\t\t\t\t<h3 class=\"gv-field-1-custom\">\ud83d\udd58 05\/15\/2025 | 14:00 <br\/>\r\nWorld Telecommunication Day: Shaping Industries<\/h3>\t\t\t<\/div>\n\t\t\t\t\t\t<div class=\"gv-grid gv-list-view-content\">\n\n\t\t\t\t\t\t\t\t\t\t<div class=\"gv-grid-col-1-3 gv-list-view-content-image\">\n\t\t\t\t\t\t<div id=\"gv-field-1-31\" class=\"gv-field-1-31\"><a class=\"gravityview-fancybox\" href=\"https:\/\/www.itu.int\/160\/index.php?gf-download=2025%2F05%2FWorld-Telecommunications-Day-Webinar-Memo-08MAY_02.jpg&amp;form-id=1&amp;field-id=31&amp;hash=05eed9642c68d6ca8841c3dff49ba3c3523132ddf4ce613b1e24d58b5ce2d9e8\" rel=\"gv-field-1-31-58752\"><img decoding=\"async\" src=\"https:\/\/www.itu.int\/160\/index.php?gf-download=2025%2F05%2FWorld-Telecommunications-Day-Webinar-Memo-08MAY_02.jpg&form-id=1&field-id=31&hash=05eed9642c68d6ca8841c3dff49ba3c3523132ddf4ce613b1e24d58b5ce2d9e8\" width=\"250\" alt=\"Event graphic\" class=\"gv-image gv-field-id-31\" \/><\/a><\/div>\t\t\t\t\t\t<\/div>\n\t\t\t\t\t\t\t\t\t\t\t\t<div class=\"gv-grid-col-2-3 gv-list-view-content-description\">\n\t\t\t\t\t\t<div id=\"gv-field-1-custom\" class=\"gv-field-1-custom\"><p><strong>Organizer:<\/strong> Telecom Review Group <\/p>\n<p><strong>Description:<\/strong><br \/> Telecom Review is organizing a webinar titled \u2018World Telecommunication Day: Shaping Industries,\u2019 where a panel of esteemed industry experts will delve into the dynamics of the telecommunication industry, aligning with the WTISD\u2019s theme for 2025: gender equality in digital transformation. <\/p>\n<p><strong>Format:<\/strong> Remote <br \/>\n\ud83d\udde3\ufe0f <strong>Language:<\/strong> English <br \/>\n\ud83d\udccd <strong>Location:<\/strong> United Arab Emirates<br \/>\n\ud83d\udd17 <strong>Link:<\/strong> https:\/\/us06web.zoom.us\/webinar\/register\/WN_g2_Mi-CBSpSu07OG-HzWzg#\/registration <\/p>\n<\/div>\t\t\t\t\t\t<\/div>\n\t\t\t\t\t\t\n\t\t\t<\/div>\n\n\t\t\t\n\t\t<\/div>\n\n\t\t\t\t<div id=\"gv_list_58713\" class=\"gv-list-view\">\n\n\t\t\n\t\t\t<div class=\"gv-list-view-title\">\n\t\t\t\t<h3 class=\"gv-field-1-custom\">\ud83d\udd58 05\/16\/2025 | 09:00 <br\/>\r\nCelebration ITU 160 Anniversary at Chile Area Office<\/h3>\t\t\t<\/div>\n\t\t\t\t\t\t<div class=\"gv-grid gv-list-view-content\">\n\n\t\t\t\t\t\t\t\t\t\t<div class=\"gv-grid-col-1-3 gv-list-view-content-image\">\n\t\t\t\t\t\t\t\t\t\t\t\t<\/div>\n\t\t\t\t\t\t\t\t\t\t\t\t<div class=\"gv-grid-col-2-3 gv-list-view-content-description\">\n\t\t\t\t\t\t<div id=\"gv-field-1-custom\" class=\"gv-field-1-custom\"><p><strong>Organizer:<\/strong> International Telecommunication Union (South America Area Office) <\/p>\n<p><strong>Description:<\/strong><br \/> Small celebration to bring together key stakeholders. <\/p>\n<p><strong>Format:<\/strong> Onsite <br \/>\n\ud83d\udde3\ufe0f <strong>Language:<\/strong> Spanish <br \/>\n\ud83d\udccd <strong>Location:<\/strong> Chile<br \/>\n\ud83d\udd17 <strong>Link:<\/strong> https:\/\/www.itu.int\/itu-d\/sites\/americas\/es\/ <\/p>\n<\/div>\t\t\t\t\t\t<\/div>\n\t\t\t\t\t\t\n\t\t\t<\/div>\n\n\t\t\t\n\t\t<\/div>\n\n\t\t\t\t<div id=\"gv_list_58732\" class=\"gv-list-view\">\n\n\t\t\n\t\t\t<div class=\"gv-list-view-title\">\n\t\t\t\t<h3 class=\"gv-field-1-custom\">\ud83d\udd58 05\/16\/2025 | 00:00 <br\/>\r\nAO160ITU: Spanish Radio Amateurs supporting ITU&#039;s 160th anniversary<\/h3>\t\t\t<\/div>\n\t\t\t\t\t\t<div class=\"gv-grid gv-list-view-content\">\n\n\t\t\t\t\t\t\t\t\t\t<div class=\"gv-grid-col-1-3 gv-list-view-content-image\">\n\t\t\t\t\t\t\t\t\t\t\t\t<\/div>\n\t\t\t\t\t\t\t\t\t\t\t\t<div class=\"gv-grid-col-2-3 gv-list-view-content-description\">\n\t\t\t\t\t\t<div id=\"gv-field-1-custom\" class=\"gv-field-1-custom\"><p><strong>Organizer:<\/strong> Federaci\u00f3n Digital EA <\/p>\n<p><strong>Description:<\/strong><br \/> The International Telecommunication Union (ITU) was founded in 1865. For more than a century and a half, it has been at the center of advances in communications, including amateur radio service.<\/p>\n<p>To commemorate this event, Federaci\u00f3n Digital EA, member of EURAO, will be on the air next May 16-18, 2025, with the special station AO160ITU. An special QSL card will also be edited. <\/p>\n<p><strong>Format:<\/strong> Hybrid ( on site and remote) <br \/>\n\ud83d\udde3\ufe0f <strong>Language:<\/strong> Spanish <br \/>\n\ud83d\udccd <strong>Location:<\/strong> Spain<br \/>\n\ud83d\udd17 <strong>Link:<\/strong> https:\/\/www.fediea.org\/itu160\/ <\/p>\n<\/div>\t\t\t\t\t\t<\/div>\n\t\t\t\t\t\t\n\t\t\t<\/div>\n\n\t\t\t\n\t\t<\/div>\n\n\t\t\t\t<div id=\"gv_list_72352\" class=\"gv-list-view\">\n\n\t\t\n\t\t\t<div class=\"gv-list-view-title\">\n\t\t\t\t<h3 class=\"gv-field-1-custom\">\ud83d\udd58 05\/16\/2025 | 15:00 <br\/>\r\nDoa Kesyukuran Ceremony in conjunction with WTISD 2025<\/h3>\t\t\t<\/div>\n\t\t\t\t\t\t<div class=\"gv-grid gv-list-view-content\">\n\n\t\t\t\t\t\t\t\t\t\t<div class=\"gv-grid-col-1-3 gv-list-view-content-image\">\n\t\t\t\t\t\t<div id=\"gv-field-1-31\" class=\"gv-field-1-31\"><a class=\"gravityview-fancybox\" href=\"https:\/\/www.itu.int\/160\/index.php?gf-download=2025%2F06%2FIMG_6930.JPG&amp;form-id=1&amp;field-id=31&amp;hash=0976613ea7ae64dca9df95892515db485bb5fc1d8da4853608bab9a9d8a6f9c2\" rel=\"gv-field-1-31-72352\"><img decoding=\"async\" src=\"https:\/\/www.itu.int\/160\/index.php?gf-download=2025%2F06%2FIMG_6930.JPG&form-id=1&field-id=31&hash=0976613ea7ae64dca9df95892515db485bb5fc1d8da4853608bab9a9d8a6f9c2\" width=\"250\" alt=\"Event graphic\" class=\"gv-image gv-field-id-31\" \/><\/a><\/div>\t\t\t\t\t\t<\/div>\n\t\t\t\t\t\t\t\t\t\t\t\t<div class=\"gv-grid-col-2-3 gv-list-view-content-description\">\n\t\t\t\t\t\t<div id=\"gv-field-1-custom\" class=\"gv-field-1-custom\"><p><strong>Organizer:<\/strong> Authority for Info-communications Technology Industry for Brunei Darussalam <\/p>\n<p><strong>Description:<\/strong><br \/> AITI held a Doa Kesyukuran ceremony for WTISD 2025, attended by government and ICT industry stakeholders. The event aimed to show gratitude and raise awareness of WTISD\u2019s significance. This year\u2019s theme, \u201cGender Equality in Digital Transformation,\u201d highlights the need for inclusive digital access and opportunities for women and girls. <\/p>\n<p><strong>Format:<\/strong> Onsite <br \/>\n\ud83d\udde3\ufe0f <strong>Language:<\/strong> English <br \/>\n\ud83d\udccd <strong>Location:<\/strong> Brunei Darussalam<br \/>\n\ud83d\udd17 <strong>Link:<\/strong> https:\/\/www.instagram.com\/p\/DJv3jqMPjHU\/ <\/p>\n<\/div>\t\t\t\t\t\t<\/div>\n\t\t\t\t\t\t\n\t\t\t<\/div>\n\n\t\t\t\n\t\t<\/div>\n\n\t\t\t\t<div id=\"gv_list_58733\" class=\"gv-list-view\">\n\n\t\t\n\t\t\t<div class=\"gv-list-view-title\">\n\t\t\t\t<h3 class=\"gv-field-1-custom\">\ud83d\udd58 05\/17\/2025 | 09:00 <br\/>\r\nLa Journ\u00e9e mondiale des t\u00e9l\u00e9communications et de la soci\u00e9t\u00e9 de l&#039;information<\/h3>\t\t\t<\/div>\n\t\t\t\t\t\t<div class=\"gv-grid gv-list-view-content\">\n\n\t\t\t\t\t\t\t\t\t\t<div class=\"gv-grid-col-1-3 gv-list-view-content-image\">\n\t\t\t\t\t\t<div id=\"gv-field-1-31\" class=\"gv-field-1-31\"><a class=\"gravityview-fancybox\" data-type=\"pdf\" href=\"https:\/\/www.itu.int\/160\/index.php?gf-download=2025%2F04%2FAffiche-et-programme-JMT-2025-VF.pdf&amp;form-id=1&amp;field-id=31&amp;hash=0ae4519b68143fbed01f7c53211f45ccf6a730127f7793e21d6448edeccfc162&amp;gv-iframe=true\" rel=\"noopener noreferrer\" target=\"_blank\">Affiche-et-programme-JMT-2025-VF.pdf<\/a><\/div>\t\t\t\t\t\t<\/div>\n\t\t\t\t\t\t\t\t\t\t\t\t<div class=\"gv-grid-col-2-3 gv-list-view-content-description\">\n\t\t\t\t\t\t<div id=\"gv-field-1-custom\" class=\"gv-field-1-custom\"><p><strong>Organizer:<\/strong> ENSAK IBN TOFAIL UNIVERSITY <\/p>\n<p><strong>Description:<\/strong><br \/> L\u2019\u00e9cole nationale des sciences appliqu\u00e9es de Kenitra c\u00e9l\u00e8bre la Journ\u00e9e mondiale des t\u00e9l\u00e9communications et de la soci\u00e9t\u00e9 de l&#039;information. L&#039;objectif principal de cette journ\u00e9e est de sensibiliser l&#039;opinion publique \u00e0 l&#039;importance des t\u00e9l\u00e9communications et des technologies de l&#039;information pour le d\u00e9veloppement socio-\u00e9conomique, ainsi que pour la construction d&#039;un monde connect\u00e9... <\/p>\n<p><strong>Format:<\/strong> Onsite <br \/>\n\ud83d\udde3\ufe0f <strong>Language:<\/strong> French <br \/>\n\ud83d\udccd <strong>Location:<\/strong> Morocco<br \/>\n\ud83d\udd17 <strong>Link:<\/strong> https:\/\/ensa.uit.ac.ma\/?tp_event=journee-mondiale-des-telecommunications-et-de-la-societe-de-linformation <\/p>\n<\/div>\t\t\t\t\t\t<\/div>\n\t\t\t\t\t\t\n\t\t\t<\/div>\n\n\t\t\t\n\t\t<\/div>\n\n\t\t\t\t<div id=\"gv_list_58765\" class=\"gv-list-view\">\n\n\t\t\n\t\t\t<div class=\"gv-list-view-title\">\n\t\t\t\t<h3 class=\"gv-field-1-custom\">\ud83d\udd58 05\/17\/2025 | 00:00 <br\/>\r\nWorld Telecommunication and Information Society Day - 17 May<\/h3>\t\t\t<\/div>\n\t\t\t\t\t\t<div class=\"gv-grid gv-list-view-content\">\n\n\t\t\t\t\t\t\t\t\t\t<div class=\"gv-grid-col-1-3 gv-list-view-content-image\">\n\t\t\t\t\t\t<div id=\"gv-field-1-31\" class=\"gv-field-1-31\"><a href=\"https:\/\/www.itu.int\/160\/index.php?gf-download=2025%2F05%2F17-May_ENG_satellite-technology.docx&amp;form-id=1&amp;field-id=31&amp;hash=5ef444dcd379c345ea098df6b4c5a2a929e208b5389bca3fa329e97db6584d20\" rel=\"noopener noreferrer\" target=\"_blank\">17-May_ENG_satellite-technology.docx<\/a><\/div>\t\t\t\t\t\t<\/div>\n\t\t\t\t\t\t\t\t\t\t\t\t<div class=\"gv-grid-col-2-3 gv-list-view-content-description\">\n\t\t\t\t\t\t<div id=\"gv-field-1-custom\" class=\"gv-field-1-custom\"><p><strong>Organizer:<\/strong> Ministry of Transport and Communications of the Republic of Bulgaria <\/p>\n<p><strong>Description:<\/strong><br \/> World Telecommunication and Information Society Day - 17 May<br \/>\nDevelopment of satellite technology in Bulgaria <\/p>\n<p><strong>Format:<\/strong> Remote <br \/>\n\ud83d\udde3\ufe0f <strong>Language:<\/strong> English <br \/>\n\ud83d\udccd <strong>Location:<\/strong> Bulgaria<br \/>\n\ud83d\udd17 <strong>Link:<\/strong> https:\/\/www.mtc.government.bg\/bg\/category\/341\/svetoven-den-na-telekomunikaciite-i-informacionnoto-obschestvo-17-may <\/p>\n<\/div>\t\t\t\t\t\t<\/div>\n\t\t\t\t\t\t\n\t\t\t<\/div>\n\n\t\t\t\n\t\t<\/div>\n\n\t\t\t\t<div id=\"gv_list_58771\" class=\"gv-list-view\">\n\n\t\t\n\t\t\t<div class=\"gv-list-view-title\">\n\t\t\t\t<h3 class=\"gv-field-1-custom\">\ud83d\udd58 05\/17\/2025 | 08:30 <br\/>\r\nDMTSI en la PUCP<\/h3>\t\t\t<\/div>\n\t\t\t\t\t\t<div class=\"gv-grid gv-list-view-content\">\n\n\t\t\t\t\t\t\t\t\t\t<div class=\"gv-grid-col-1-3 gv-list-view-content-image\">\n\t\t\t\t\t\t<div id=\"gv-field-1-31\" class=\"gv-field-1-31\"><a class=\"gravityview-fancybox\" data-type=\"pdf\" href=\"https:\/\/www.itu.int\/160\/index.php?gf-download=2025%2F05%2FBROUCHERE-DMTESI-EN-LA-PUCP-2025-CONFERENCIAS-Y-PANELES.pdf&amp;form-id=1&amp;field-id=31&amp;hash=6fdb85ad9a6f184c5d3558ba16640e3d357da19c54236bd03712b16e6d96b171&amp;gv-iframe=true\" rel=\"noopener noreferrer\" target=\"_blank\">BROUCHERE-DMTESI-EN-LA-PUCP-2025-CONFERENCIAS-Y-PANELES.pdf<\/a><\/div>\t\t\t\t\t\t<\/div>\n\t\t\t\t\t\t\t\t\t\t\t\t<div class=\"gv-grid-col-2-3 gv-list-view-content-description\">\n\t\t\t\t\t\t<div id=\"gv-field-1-custom\" class=\"gv-field-1-custom\"><p><strong>Organizer:<\/strong> Pontificia Universidad Cat\u00f3lica del Per\u00fa <\/p>\n<p><strong>Description:<\/strong><br \/> Este 2025, el D\u00eda Mundial de las Telecomunicaciones y la Sociedad de la Informaci\u00f3n (DMTSI) pone de relieve la urgente necesidad de promover la igualdad digital de g\u00e9nero, de modo que m\u00e1s mujeres puedan beneficiarse de la transformaci\u00f3n digital y contribuir a ella. <\/p>\n<p><strong>Format:<\/strong> Hybrid ( on site and remote) <br \/>\n\ud83d\udde3\ufe0f <strong>Language:<\/strong> Spanish <br \/>\n\ud83d\udccd <strong>Location:<\/strong> Peru<br \/>\n\ud83d\udd17 <strong>Link:<\/strong> https:\/\/agenda.pucp.edu.pe\/evento\/dia-mundial-de-las-telecomunicaciones-y-la-sociedad-de-la-informacion-dmtsi-1 <\/p>\n<\/div>\t\t\t\t\t\t<\/div>\n\t\t\t\t\t\t\n\t\t\t<\/div>\n\n\t\t\t\n\t\t<\/div>\n\n\t\t\t<\/div>\n\t\t<style>\n\t\t\t.fancybox-container {\n\t\t\t\tz-index: 100000; \/** Divi is 99999 *\/\n\t\t\t}\n\n\t\t\t.admin-bar .fancybox-container {\n\t\t\t\tmargin-top: 32px;\n\t\t\t}\n\t\t<\/style>\n\t\t<script>\n\t\t\tif ( window.Fancybox ){\n\t\t\t\tFancybox.bind(\".gravityview-fancybox\", {\"animationEffect\":\"fade\",\"toolbar\":true,\"closeExisting\":true,\"arrows\":true,\"buttons\":[\"thumbs\",\"close\"],\"i18n\":{\"en\":{\"CLOSE\":\"Close\",\"NEXT\":\"Next\",\"PREV\":\"Previous\",\"ERROR\":\"The requested content cannot be loaded. Please try again later.\",\"PLAY_START\":\"Start slideshow\",\"PLAY_STOP\":\"Pause slideshow\",\"FULL_SCREEN\":\"Full screen\",\"THUMBS\":\"Thumbnails\",\"DOWNLOAD\":\"Download\",\"SHARE\":\"Share\",\"ZOOM\":\"Zoom\"}}});\n\t\t\t}\n\t\t<\/script>\n\t\t\t\t<div class=\"gv-grid gv-widgets-footer\">\n\t\t\t\t\t\t\t<div class=\"gv-grid-row\">\n\t\t\t\t\t\t\t\t\t<div class=\"gv-grid-col-1-2 left gv-left\">\n\t\t\t\t\t\t\t\t<div class=\"gv-widget-page-size\">\n\t\t\t<form method=\"get\" action=\"\/160\/wp-json\/wp\/v2\/pages\/605\" onchange=\"this.submit();\">\n\t\t\t\t<div>\n\t\t\t\t\t\t\t\t\t\t<label for=\"gv-page_size\">Page Size<\/label>\n\t\t\t\t\t\t\t\t\t\t<select name=\"page_size\" id=\"gv-page_size\">\n\t\t\t\t\t\t<option value=\"\">Results Per Page<\/option>\n\t\t\t\t\t\t\t\t\t\t\t\t\t<option value='10' selected='selected'>10<\/option>\n\t\t\t\t\t\t\t\t\t\t\t\t\t<option value='25'>25<\/option>\n\t\t\t\t\t\t\t\t\t\t\t\t\t<option value='50'>50<\/option>\n\t\t\t\t\t\t\t\t\t\t\t\t\t<option value='100'>100<\/option>\n\t\t\t\t\t\t\t\t\t\t\t<\/select>\n\t\t\t\t\t<input type=\"submit\" value=\"Submit\" style=\"visibility: hidden; position: absolute;\" \/>\n\t\t\t\t\t\t\t\t\t<\/div>\n\t\t\t<\/form>\n\t\t<\/div>\n\t\t\t\t\t\t\t<\/div>\n\t\t\t\t\t\t\t\t\t<div class=\"gv-grid-col-1-2 right gv-right\">\n\t\t\t\t\t\t<div class=\"gv-widget-page-links\"><ul class='page-numbers'>\n\t<li><span aria-current=\"page\" class=\"page-numbers current\">1<\/span><\/li>\n\t<li><a class=\"page-numbers\" href=\"https:\/\/www.itu.int\/160\/celebrate-with-us\/events\/partner-events\/?pagenum=2\">2<\/a><\/li>\n\t<li><a class=\"next page-numbers\" href=\"https:\/\/www.itu.int\/160\/celebrate-with-us\/events\/partner-events\/?pagenum=2\">&raquo;<\/a><\/li>\n<\/ul>\n<\/div>\t\t\t\t\t<\/div>\n\t\t\t\t\t\t\t\t<\/div>\n\t\t\t\t\t<\/div>\n\n\t\t<input type=\"hidden\" class=\"gravityview-view-id\" value=\"601\"><\/div>\n<\/div>            <\/div>\n            <\/div>\n                    <\/div>\n    <\/div>\n<\/div>\n<\/div><\/div>\n<\/div><\/div>\n<\/div><\/div>\n<\/div><\/div>\n<\/div><\/div>\n<\/div>","protected":false},"excerpt":{"rendered":"","protected":false},"author":3,"featured_media":275,"parent":94,"menu_order":0,"comment_status":"closed","ping_status":"closed","template":"","meta":{"footnotes":""},"class_list":["post-605","page","type-page","status-publish","has-post-thumbnail","hentry"],"_links":{"self":[{"href":"https:\/\/www.itu.int\/160\/wp-json\/wp\/v2\/pages\/605","targetHints":{"allow":["GET"]}}],"collection":[{"href":"https:\/\/www.itu.int\/160\/wp-json\/wp\/v2\/pages"}],"about":[{"href":"https:\/\/www.itu.int\/160\/wp-json\/wp\/v2\/types\/page"}],"author":[{"embeddable":true,"href":"https:\/\/www.itu.int\/160\/wp-json\/wp\/v2\/users\/3"}],"replies":[{"embeddable":true,"href":"https:\/\/www.itu.int\/160\/wp-json\/wp\/v2\/comments?post=605"}],"version-history":[{"count":0,"href":"https:\/\/www.itu.int\/160\/wp-json\/wp\/v2\/pages\/605\/revisions"}],"up":[{"embeddable":true,"href":"https:\/\/www.itu.int\/160\/wp-json\/wp\/v2\/pages\/94"}],"wp:featuredmedia":[{"embeddable":true,"href":"https:\/\/www.itu.int\/160\/wp-json\/wp\/v2\/media\/275"}],"wp:attachment":[{"href":"https:\/\/www.itu.int\/160\/wp-json\/wp\/v2\/media?parent=605"}],"curies":[{"name":"wp","href":"https:\/\/api.w.org\/{rel}","templated":true}]}}